{"id":11867,"date":"2022-11-14T16:12:41","date_gmt":"2022-11-14T13:12:41","guid":{"rendered":"https:\/\/diyanetburslari.tdv.org\/?page_id=11867"},"modified":"2024-08-02T09:43:10","modified_gmt":"2024-08-02T06:43:10","slug":"hafizlik-proje-okullari-burs-programi","status":"publish","type":"page","link":"https:\/\/diyanetburslari.tdv.org\/en\/hafizlik-proje-okullari-burs-programi\/","title":{"rendered":"Hafiz Project Schools Scholarship Program"},"content":{"rendered":"<div class=\"fusion-fullwidth fullwidth-box fusion-builder-row-1 nonhundred-percent-fullwidth non-hundred-percent-height-scrolling\" style=\"background-color: rgba(255,255,255,0);background-position: center center;background-repeat: no-repeat;padding-top:0px;padding-right:0px;padding-bottom:0px;padding-left:0px;margin-bottom: 0px;margin-top: 0px;border-width: 0px 0px 0px 0px;border-color:#eae9e9;border-style:solid;\" ><div class=\"fusion-builder-row fusion-row\"><div class=\"fusion-layout-column fusion_builder_column fusion-builder-column-0 fusion_builder_column_1_1 1_1 fusion-one-full fusion-column-first fusion-column-last\" style=\"margin-top:0px;margin-bottom:0px;\"><div class=\"fusion-column-wrapper fusion-flex-column-wrapper-legacy\" style=\"background-position:left top;background-repeat:no-repeat;-webkit-background-size:cover;-moz-background-size:cover;-o-background-size:cover;background-size:cover;padding: 0px 0px 0px 0px;\"><div class=\"fusion-sep-clear\"><\/div><div class=\"fusion-separator fusion-full-width-sep\" style=\"margin-left: auto;margin-right: auto;margin-top:10px;margin-bottom:10px;width:100%;max-width:100%;\"><\/div><div class=\"fusion-sep-clear\"><\/div><div class=\"fusion-text fusion-text-1\"><p>Bu burs program\u0131, Diyanet \u0130\u015fleri Ba\u015fkanl\u0131\u011f\u0131, Milli E\u011fitim Bakanl\u0131\u011f\u0131 ve T\u00fcrkiye Diyanet Vakf\u0131 i\u015fbirli\u011fi ile\u00a0 y\u00fcr\u00fct\u00fclmektedir.\u00a0 Program i\u00e7in gerekli ba\u015fvuru kriterleri:<\/p>\n<ul>\n<li>Proje kapsam\u0131ndaki Anadolu \u0130mam Hatip Liselerinde \u00f6\u011frenim g\u00f6r\u00fcyor olmak.<\/li>\n<li>Diyanet \u0130\u015fleri Ba\u015fkanl\u0131\u011f\u0131 ve Milli E\u011fitim Bakanl\u0131\u011f\u0131nca onaylanm\u0131\u015f &#8220;Haf\u0131zl\u0131k Belgesi&#8221;ne sahip olmak.<\/li>\n<li>9. s\u0131n\u0131f \u00f6\u011frencileri i\u00e7in 18 ya\u015f\u0131ndan g\u00fcn almam\u0131\u015f olmak.<\/li>\n<li>Herhangi bir disiplin cezas\u0131 almam\u0131\u015f olmak,<\/li>\n<\/ul>\n<p><strong><em>Bu programa kabul edilen \u00f6\u011frencilere T\u00fcrkiye Diyanet Vakf\u0131 taraf\u0131ndan 9 ay boyunca burs deste\u011fi verilir.<\/em><\/strong><\/p>\n<\/div><div class=\"fusion-sep-clear\"><\/div><div class=\"fusion-separator fusion-full-width-sep\" style=\"margin-left: auto;margin-right: auto;margin-top:10px;margin-bottom:10px;width:100%;max-width:100%;\"><\/div><div class=\"fusion-sep-clear\"><\/div><div class=\"fusion-clearfix\"><\/div><\/div><\/div><\/div><\/div>\n","protected":false},"excerpt":{"rendered":"","protected":false},"author":2,"featured_media":0,"parent":0,"menu_order":0,"comment_status":"closed","ping_status":"closed","template":"","meta":{"footnotes":""},"class_list":["post-11867","page","type-page","status-publish","hentry"],"yoast_head":"<!-- This site is optimized with the Yoast SEO plugin v27.4 - https:\/\/yoast.com\/product\/yoast-seo-wordpress\/ -->\n<title>Hafiz Project Schools Scholarship Program<\/title>\n<meta name=\"robots\" content=\"index, follow, max-snippet:-1, max-image-preview:large, max-video-preview:-1\" \/>\n<link rel=\"canonical\" href=\"https:\/\/diyanetburslari.tdv.org\/en\/hafizlik-proje-okullari-burs-programi\/\" \/>\n<meta property=\"og:locale\" content=\"en_GB\" \/>\n<meta property=\"og:locale:alternate\" content=\"tr_TR\" \/>\n<meta property=\"og:type\" content=\"article\" \/>\n<meta property=\"og:title\" content=\"Hafiz Project Schools Scholarship Program\" \/>\n<meta property=\"og:url\" content=\"https:\/\/diyanetburslari.tdv.org\/en\/hafizlik-proje-okullari-burs-programi\/\" \/>\n<meta property=\"og:site_name\" content=\"Diyanet Scholarships\" \/>\n<meta property=\"article:modified_time\" content=\"2024-08-02T06:43:10+00:00\" \/>\n<meta name=\"twitter:card\" content=\"summary_large_image\" \/>\n<script type=\"application\/ld+json\" class=\"yoast-schema-graph\">{\"@context\":\"https:\\\/\\\/schema.org\",\"@graph\":[{\"@type\":\"WebPage\",\"@id\":\"https:\\\/\\\/diyanetburslari.tdv.org\\\/en\\\/hafizlik-proje-okullari-burs-programi\\\/\",\"url\":\"https:\\\/\\\/diyanetburslari.tdv.org\\\/en\\\/hafizlik-proje-okullari-burs-programi\\\/\",\"name\":\"Hafiz Project Schools Scholarship Program\",\"isPartOf\":{\"@id\":\"https:\\\/\\\/diyanetburslari.tdv.org\\\/#website\"},\"datePublished\":\"2022-11-14T13:12:41+00:00\",\"dateModified\":\"2024-08-02T06:43:10+00:00\",\"breadcrumb\":{\"@id\":\"https:\\\/\\\/diyanetburslari.tdv.org\\\/en\\\/hafizlik-proje-okullari-burs-programi\\\/#breadcrumb\"},\"inLanguage\":\"en-GB\",\"potentialAction\":[{\"@type\":\"ReadAction\",\"target\":[\"https:\\\/\\\/diyanetburslari.tdv.org\\\/en\\\/hafizlik-proje-okullari-burs-programi\\\/\"]}]},{\"@type\":\"BreadcrumbList\",\"@id\":\"https:\\\/\\\/diyanetburslari.tdv.org\\\/en\\\/hafizlik-proje-okullari-burs-programi\\\/#breadcrumb\",\"itemListElement\":[{\"@type\":\"ListItem\",\"position\":1,\"name\":\"Anasayfa\",\"item\":\"https:\\\/\\\/diyanetburslari.tdv.org\\\/en\\\/\"},{\"@type\":\"ListItem\",\"position\":2,\"name\":\"Hafiz Project Schools Scholarship Program\"}]},{\"@type\":\"WebSite\",\"@id\":\"https:\\\/\\\/diyanetburslari.tdv.org\\\/#website\",\"url\":\"https:\\\/\\\/diyanetburslari.tdv.org\\\/\",\"name\":\"Diyanet Burslar\u0131\",\"description\":\"T\u00fcrkiye Diyanet Foudation\",\"publisher\":{\"@id\":\"https:\\\/\\\/diyanetburslari.tdv.org\\\/#organization\"},\"potentialAction\":[{\"@type\":\"SearchAction\",\"target\":{\"@type\":\"EntryPoint\",\"urlTemplate\":\"https:\\\/\\\/diyanetburslari.tdv.org\\\/?s={search_term_string}\"},\"query-input\":{\"@type\":\"PropertyValueSpecification\",\"valueRequired\":true,\"valueName\":\"search_term_string\"}}],\"inLanguage\":\"en-GB\"},{\"@type\":\"Organization\",\"@id\":\"https:\\\/\\\/diyanetburslari.tdv.org\\\/#organization\",\"name\":\"Diyanet Burslar\u0131\",\"url\":\"https:\\\/\\\/diyanetburslari.tdv.org\\\/\",\"logo\":{\"@type\":\"ImageObject\",\"inLanguage\":\"en-GB\",\"@id\":\"https:\\\/\\\/diyanetburslari.tdv.org\\\/#\\\/schema\\\/logo\\\/image\\\/\",\"url\":\"https:\\\/\\\/diyanetburslari.tdv.org\\\/wp-content\\\/uploads\\\/2025\\\/08\\\/Diyanet-Burslari-Logo-V3-yabanci-diller-tek-Kopya-scaled.png\",\"contentUrl\":\"https:\\\/\\\/diyanetburslari.tdv.org\\\/wp-content\\\/uploads\\\/2025\\\/08\\\/Diyanet-Burslari-Logo-V3-yabanci-diller-tek-Kopya-scaled.png\",\"width\":2465,\"height\":2560,\"caption\":\"Diyanet Burslar\u0131\"},\"image\":{\"@id\":\"https:\\\/\\\/diyanetburslari.tdv.org\\\/#\\\/schema\\\/logo\\\/image\\\/\"}}]}<\/script>\n<!-- \/ Yoast SEO plugin. -->","yoast_head_json":{"title":"Hafiz Project Schools Scholarship Program","robots":{"index":"index","follow":"follow","max-snippet":"max-snippet:-1","max-image-preview":"max-image-preview:large","max-video-preview":"max-video-preview:-1"},"canonical":"https:\/\/diyanetburslari.tdv.org\/en\/hafizlik-proje-okullari-burs-programi\/","og_locale":"en_GB","og_type":"article","og_title":"[:tr]Haf\u0131zl\u0131k Proje Okullar\u0131 Program\u0131[:en]Hafiz Project Schools Scholarship Program[:]- Diyanet Scholarships","og_url":"https:\/\/diyanetburslari.tdv.org\/en\/hafizlik-proje-okullari-burs-programi\/","og_site_name":"Diyanet Scholarships","article_modified_time":"2024-08-02T06:43:10+00:00","twitter_card":"summary_large_image","schema":{"@context":"https:\/\/schema.org","@graph":[{"@type":"WebPage","@id":"https:\/\/diyanetburslari.tdv.org\/en\/hafizlik-proje-okullari-burs-programi\/","url":"https:\/\/diyanetburslari.tdv.org\/en\/hafizlik-proje-okullari-burs-programi\/","name":"Hafiz Project Schools Scholarship Program","isPartOf":{"@id":"https:\/\/diyanetburslari.tdv.org\/#website"},"datePublished":"2022-11-14T13:12:41+00:00","dateModified":"2024-08-02T06:43:10+00:00","breadcrumb":{"@id":"https:\/\/diyanetburslari.tdv.org\/en\/hafizlik-proje-okullari-burs-programi\/#breadcrumb"},"inLanguage":"en-GB","potentialAction":[{"@type":"ReadAction","target":["https:\/\/diyanetburslari.tdv.org\/en\/hafizlik-proje-okullari-burs-programi\/"]}]},{"@type":"BreadcrumbList","@id":"https:\/\/diyanetburslari.tdv.org\/en\/hafizlik-proje-okullari-burs-programi\/#breadcrumb","itemListElement":[{"@type":"ListItem","position":1,"name":"Anasayfa","item":"https:\/\/diyanetburslari.tdv.org\/en\/"},{"@type":"ListItem","position":2,"name":"Hafiz Project Schools Scholarship Program"}]},{"@type":"WebSite","@id":"https:\/\/diyanetburslari.tdv.org\/#website","url":"https:\/\/diyanetburslari.tdv.org\/","name":"Diyanet Burslar\u0131","description":"T\u00fcrkiye Diyanet Foudation","publisher":{"@id":"https:\/\/diyanetburslari.tdv.org\/#organization"},"potentialAction":[{"@type":"SearchAction","target":{"@type":"EntryPoint","urlTemplate":"https:\/\/diyanetburslari.tdv.org\/?s={search_term_string}"},"query-input":{"@type":"PropertyValueSpecification","valueRequired":true,"valueName":"search_term_string"}}],"inLanguage":"en-GB"},{"@type":"Organization","@id":"https:\/\/diyanetburslari.tdv.org\/#organization","name":"Diyanet Burslar\u0131","url":"https:\/\/diyanetburslari.tdv.org\/","logo":{"@type":"ImageObject","inLanguage":"en-GB","@id":"https:\/\/diyanetburslari.tdv.org\/#\/schema\/logo\/image\/","url":"https:\/\/diyanetburslari.tdv.org\/wp-content\/uploads\/2025\/08\/Diyanet-Burslari-Logo-V3-yabanci-diller-tek-Kopya-scaled.png","contentUrl":"https:\/\/diyanetburslari.tdv.org\/wp-content\/uploads\/2025\/08\/Diyanet-Burslari-Logo-V3-yabanci-diller-tek-Kopya-scaled.png","width":2465,"height":2560,"caption":"Diyanet Burslar\u0131"},"image":{"@id":"https:\/\/diyanetburslari.tdv.org\/#\/schema\/logo\/image\/"}}]}},"_links":{"self":[{"href":"https:\/\/diyanetburslari.tdv.org\/en\/wp-json\/wp\/v2\/pages\/11867","targetHints":{"allow":["GET"]}}],"collection":[{"href":"https:\/\/diyanetburslari.tdv.org\/en\/wp-json\/wp\/v2\/pages"}],"about":[{"href":"https:\/\/diyanetburslari.tdv.org\/en\/wp-json\/wp\/v2\/types\/page"}],"author":[{"embeddable":true,"href":"https:\/\/diyanetburslari.tdv.org\/en\/wp-json\/wp\/v2\/users\/2"}],"replies":[{"embeddable":true,"href":"https:\/\/diyanetburslari.tdv.org\/en\/wp-json\/wp\/v2\/comments?post=11867"}],"version-history":[{"count":13,"href":"https:\/\/diyanetburslari.tdv.org\/en\/wp-json\/wp\/v2\/pages\/11867\/revisions"}],"predecessor-version":[{"id":14385,"href":"https:\/\/diyanetburslari.tdv.org\/en\/wp-json\/wp\/v2\/pages\/11867\/revisions\/14385"}],"wp:attachment":[{"href":"https:\/\/diyanetburslari.tdv.org\/en\/wp-json\/wp\/v2\/media?parent=11867"}],"curies":[{"name":"wp","href":"https:\/\/api.w.org\/{rel}","templated":true}]}}