{"id":13692,"date":"2023-12-26T13:30:08","date_gmt":"2023-12-26T10:30:08","guid":{"rendered":"https:\/\/diyanetburslari.tdv.org\/?page_id=13692"},"modified":"2023-12-26T15:15:13","modified_gmt":"2023-12-26T12:15:13","slug":"iletisim","status":"publish","type":"page","link":"https:\/\/diyanetburslari.tdv.org\/en\/iletisim\/","title":{"rendered":"\u0130leti\u015fim"},"content":{"rendered":"<div class=\"fusion-fullwidth fullwidth-box fusion-builder-row-1 fusion-flex-container nonhundred-percent-fullwidth non-hundred-percent-height-scrolling\" style=\"background-color: rgba(255,255,255,0);background-position: center center;background-repeat: no-repeat;border-width: 0px 0px 0px 0px;border-color:#eae9e9;border-style:solid;\" ><div class=\"fusion-builder-row fusion-row fusion-flex-align-items-flex-start\" style=\"max-width:1331.2px;margin-left: calc(-4% \/ 2 );margin-right: calc(-4% \/ 2 );\"><div class=\"fusion-layout-column fusion_builder_column fusion-builder-column-0 fusion_builder_column_1_1 1_1 fusion-flex-column fusion-animated\" data-animationType=\"fadeInUp\" data-animationDuration=\"1.3\" data-animationOffset=\"100%\"><div class=\"fusion-column-wrapper fusion-flex-justify-content-flex-start fusion-content-layout-column\" style=\"background-position:left top;background-blend-mode: overlay;background-repeat:no-repeat;-webkit-background-size:cover;-moz-background-size:cover;-o-background-size:cover;background-size:cover;padding: 10px 110px 10px 110px;\"><div class=\"fusion-builder-row fusion-builder-row-inner fusion-row fusion-flex-align-items-flex-start\" style=\"width:104% !important;max-width:104% !important;margin-left: calc(-4% \/ 2 );margin-right: calc(-4% \/ 2 );\"><div class=\"fusion-layout-column fusion_builder_column_inner fusion-builder-nested-column-0 fusion_builder_column_inner_1_2 1_2 fusion-flex-column fusion-flex-align-self-center\"><div class=\"fusion-column-wrapper fusion-flex-justify-content-flex-start fusion-content-layout-column\" style=\"background-position:left top;background-repeat:no-repeat;-webkit-background-size:cover;-moz-background-size:cover;-o-background-size:cover;background-size:cover;padding: 0px 0px 0px 0px;\"><div class=\"fusion-separator fusion-full-width-sep\" style=\"align-self: center;margin-left: auto;margin-right: auto;margin-top:15px;margin-bottom:15px;width:100%;\"><\/div><style type=\"text\/css\">@media only screen and (max-width:1024px) {.fusion-title.fusion-title-1{margin-top:3px!important;margin-bottom:5px!important;}}@media only screen and (max-width:640px) {.fusion-title.fusion-title-1{margin-top:10px!important;margin-bottom:10px!important;}}<\/style><div class=\"fusion-title title fusion-title-1 fusion-title-text fusion-title-size-one\" style=\"font-size:40px;margin-top:3px;margin-bottom:5px;\"><div class=\"title-sep-container title-sep-container-left fusion-no-large-visibility fusion-no-medium-visibility fusion-no-small-visibility\"><div class=\"title-sep sep-\" style=\"border-color:#e0dede;\"><\/div><\/div><h1 class=\"title-heading-left\" style=\"margin:0;font-size:1em;line-height:1.2;letter-spacing:-2px;color:#000000;\">T\u00fcrkiye Diyanet Vakf\u0131<\/h1><div class=\"title-sep-container title-sep-container-right\"><div class=\"title-sep sep-\" style=\"border-color:#e0dede;\"><\/div><\/div><\/div><style type=\"text\/css\">@media only screen and (max-width:1024px) {.fusion-title.fusion-title-2{margin-top:5px!important;margin-bottom:20px!important;}}@media only screen and (max-width:640px) {.fusion-title.fusion-title-2{margin-top:10px!important;margin-bottom:10px!important;}}<\/style><div class=\"fusion-title title fusion-title-2 fusion-title-text fusion-title-size-four\" style=\"font-size:20px;margin-top:5px;margin-bottom:20px;\"><div class=\"title-sep-container title-sep-container-left fusion-no-large-visibility fusion-no-medium-visibility fusion-no-small-visibility\"><div class=\"title-sep sep-\" style=\"border-color:#e0dede;\"><\/div><\/div><h4 class=\"title-heading-left\" style=\"margin:0;font-size:1em;line-height:1.1;color:#000000;\">E\u011fitim ve K\u00fclt\u00fcr Hizmetleri M\u00fcd\u00fcrl\u00fc\u011f\u00fc<\/h4><div class=\"title-sep-container title-sep-container-right\"><div class=\"title-sep sep-\" style=\"border-color:#e0dede;\"><\/div><\/div><\/div><div class=\"fusion-text fusion-text-1\" style=\"font-size:20px;line-height:1.7;letter-spacing:0px;color:#000000;font-family:&quot;Open Sans&quot;;font-weight:400;\"><h5>K\u00fclt\u00fcr Mahallesi Dr. Mediha Eldem Sokak No:72\/B 06420 Kocatepe\/ANKARA<\/h5>\n<\/div><\/div><\/div><style type=\"text\/css\">.fusion-body .fusion-builder-nested-column-0{width:50% !important;margin-top : 0px;margin-bottom : 0px;}.fusion-builder-nested-column-0 > .fusion-column-wrapper {padding-top : 0px !important;padding-right : 0px !important;margin-right : 60px;padding-bottom : 0px !important;padding-left : 0px !important;margin-left : 3.84%;}@media only screen and (max-width:1024px) {.fusion-body .fusion-builder-nested-column-0{width:100% !important;order : 0;}.fusion-builder-nested-column-0 > .fusion-column-wrapper {margin-right : 20px;margin-left : 1.92%;}}@media only screen and (max-width:640px) {.fusion-body .fusion-builder-nested-column-0{width:100% !important;order : 0;}.fusion-builder-nested-column-0 > .fusion-column-wrapper {margin-right : 1.92%;margin-left : 1.92%;}}<\/style><div class=\"fusion-layout-column fusion_builder_column_inner fusion-builder-nested-column-1 fusion_builder_column_inner_1_2 1_2 fusion-flex-column\"><div class=\"fusion-column-wrapper fusion-flex-justify-content-flex-start fusion-content-layout-column\" style=\"background-position:left top;background-repeat:no-repeat;-webkit-background-size:cover;-moz-background-size:cover;-o-background-size:cover;background-size:cover;padding: 0px 0px 0px 0px;\"><ul class=\"fusion-checklist fusion-checklist-1 fusion-checklist-divider\" style=\"font-size:20px;line-height:34px;\"><li class=\"fusion-li-item\" style=\"border-bottom-color:rgba(0,0,0,0.1)\"><span style=\"height:34px;width:34px;margin-right:14px;\" class=\"icon-wrapper circle-no\"><i class=\"fusion-li-icon fa-check-circle far\" style=\"color:#4f4f4f;\" aria-hidden=\"true\"><\/i><\/span><div class=\"fusion-li-item-content\" style=\"margin-left:48px;\">\n<p><strong>Tel:<\/strong> +90 312 416 90 00<\/p>\n<\/div><\/li><li class=\"fusion-li-item\" style=\"border-bottom-color:rgba(0,0,0,0.1)\"><span style=\"height:34px;width:34px;margin-right:14px;\" class=\"icon-wrapper circle-no\"><i class=\"fusion-li-icon fa-hdd far\" style=\"color:#4f4f4f;\" aria-hidden=\"true\"><\/i><\/span><div class=\"fusion-li-item-content\" style=\"margin-left:48px;\">\n<p><strong>Faks :<\/strong> +90 312 416 90 90<\/p>\n<\/div><\/li><li class=\"fusion-li-item\" style=\"border-bottom-color:rgba(0,0,0,0.1)\"><span style=\"height:34px;width:34px;margin-right:14px;\" class=\"icon-wrapper circle-no\"><i class=\"fusion-li-icon fa-envelope far\" style=\"color:#4f4f4f;\" aria-hidden=\"true\"><\/i><\/span><div class=\"fusion-li-item-content\" style=\"margin-left:48px;\">\n<p><strong>Eposta :<\/strong> <a href=\"mailto:egitim@tdv.org\">egitim@tdv.org<\/a><\/p>\n<\/div><\/li><\/ul><\/div><\/div><style type=\"text\/css\">.fusion-body .fusion-builder-nested-column-1{width:50% !important;margin-top : 0px;margin-bottom : 0px;}.fusion-builder-nested-column-1 > .fusion-column-wrapper {padding-top : 0px !important;padding-right : 0px !important;margin-right : 3.84%;padding-bottom : 0px !important;padding-left : 0px !important;margin-left : 60px;}@media only screen and (max-width:1024px) {.fusion-body .fusion-builder-nested-column-1{width:100% !important;order : 0;}.fusion-builder-nested-column-1 > .fusion-column-wrapper {margin-right : 1.92%;margin-left : 20px;}}@media only screen and (max-width:640px) {.fusion-body .fusion-builder-nested-column-1{width:100% !important;order : 0;margin-top : 30px;}.fusion-builder-nested-column-1 > .fusion-column-wrapper {margin-right : 1.92%;margin-left : 1.92%;}}<\/style><\/div><div class=\"fusion-separator fusion-full-width-sep\" style=\"align-self: center;margin-left: auto;margin-right: auto;margin-top:5px;margin-bottom:5px;width:100%;\"><\/div><div style=\"text-align:center;\"><span class=\" fusion-imageframe imageframe-none imageframe-1 hover-type-none\"><a class=\"fusion-no-lightbox\" href=\"https:\/\/goo.gl\/maps\/2guqJo8S8h6Snt4eA\" target=\"_blank\" rel=\"noopener noreferrer\"><img decoding=\"async\" image_id=\"0\" src=\"https:\/\/diyanetmezunlari.tdv.org\/wp-content\/uploads\/2023\/09\/tdv-genel-merkezi.jpg\" class=\"img-responsive\"\/><\/a><\/span><\/div><div class=\"fusion-separator fusion-full-width-sep\" style=\"align-self: center;margin-left: auto;margin-right: auto;margin-top:5px;margin-bottom:5px;width:100%;\"><\/div><\/div><\/div><style type=\"text\/css\">.fusion-body .fusion-builder-column-0{width:100% !important;margin-top : 0px;margin-bottom : 0px;}.fusion-builder-column-0 > .fusion-column-wrapper {padding-top : 10px !important;padding-right : 110px !important;margin-right : 1.92%;padding-bottom : 10px !important;padding-left : 110px !important;margin-left : 1.92%;}@media only screen and (max-width:1024px) {.fusion-body .fusion-builder-column-0{width:100% !important;order : 0;}.fusion-builder-column-0 > .fusion-column-wrapper {padding-top : 42px !important;padding-right : 56px !important;margin-right : 1.92%;padding-bottom : 48px !important;padding-left : 56px !important;margin-left : 1.92%;}}@media only screen and (max-width:640px) {.fusion-body .fusion-builder-column-0{width:100% !important;order : 0;}.fusion-builder-column-0 > .fusion-column-wrapper {padding-top : 30px !important;padding-right : 30px !important;margin-right : 1.92%;padding-bottom : 40px !important;padding-left : 30px !important;margin-left : 1.92%;}}<\/style><\/div><style type=\"text\/css\">.fusion-body .fusion-flex-container.fusion-builder-row-1{ padding-top : 0px;margin-top : 0px;padding-right : 0px;padding-bottom : 0px;margin-bottom : 0px;padding-left : 0px;}<\/style><\/div>\n","protected":false},"excerpt":{"rendered":"","protected":false},"author":11,"featured_media":0,"parent":0,"menu_order":0,"comment_status":"closed","ping_status":"closed","template":"","meta":{"footnotes":""},"class_list":["post-13692","page","type-page","status-publish","hentry"],"yoast_head":"<!-- This site is optimized with the Yoast SEO plugin v27.4 - https:\/\/yoast.com\/product\/yoast-seo-wordpress\/ -->\n<title>\u0130leti\u015fim<\/title>\n<meta name=\"robots\" content=\"index, follow, max-snippet:-1, max-image-preview:large, max-video-preview:-1\" \/>\n<link rel=\"canonical\" href=\"https:\/\/diyanetburslari.tdv.org\/en\/iletisim\/\" \/>\n<meta property=\"og:locale\" content=\"en_GB\" \/>\n<meta property=\"og:locale:alternate\" content=\"tr_TR\" \/>\n<meta property=\"og:type\" content=\"article\" \/>\n<meta property=\"og:title\" content=\"\u0130leti\u015fim\" \/>\n<meta property=\"og:url\" content=\"https:\/\/diyanetburslari.tdv.org\/en\/iletisim\/\" \/>\n<meta property=\"og:site_name\" content=\"Diyanet Scholarships\" \/>\n<meta property=\"article:modified_time\" content=\"2023-12-26T12:15:13+00:00\" \/>\n<meta name=\"twitter:card\" content=\"summary_large_image\" \/>\n<script type=\"application\/ld+json\" class=\"yoast-schema-graph\">{\"@context\":\"https:\\\/\\\/schema.org\",\"@graph\":[{\"@type\":\"WebPage\",\"@id\":\"https:\\\/\\\/diyanetburslari.tdv.org\\\/iletisim\\\/\",\"url\":\"https:\\\/\\\/diyanetburslari.tdv.org\\\/iletisim\\\/\",\"name\":\"\u0130leti\u015fim\",\"isPartOf\":{\"@id\":\"https:\\\/\\\/diyanetburslari.tdv.org\\\/#website\"},\"datePublished\":\"2023-12-26T10:30:08+00:00\",\"dateModified\":\"2023-12-26T12:15:13+00:00\",\"breadcrumb\":{\"@id\":\"https:\\\/\\\/diyanetburslari.tdv.org\\\/iletisim\\\/#breadcrumb\"},\"inLanguage\":\"en-GB\",\"potentialAction\":[{\"@type\":\"ReadAction\",\"target\":[\"https:\\\/\\\/diyanetburslari.tdv.org\\\/iletisim\\\/\"]}]},{\"@type\":\"BreadcrumbList\",\"@id\":\"https:\\\/\\\/diyanetburslari.tdv.org\\\/iletisim\\\/#breadcrumb\",\"itemListElement\":[{\"@type\":\"ListItem\",\"position\":1,\"name\":\"Anasayfa\",\"item\":\"https:\\\/\\\/diyanetburslari.tdv.org\\\/en\\\/\"},{\"@type\":\"ListItem\",\"position\":2,\"name\":\"\u0130leti\u015fim\"}]},{\"@type\":\"WebSite\",\"@id\":\"https:\\\/\\\/diyanetburslari.tdv.org\\\/#website\",\"url\":\"https:\\\/\\\/diyanetburslari.tdv.org\\\/\",\"name\":\"Diyanet Burslar\u0131\",\"description\":\"T\u00fcrkiye Diyanet Foudation\",\"publisher\":{\"@id\":\"https:\\\/\\\/diyanetburslari.tdv.org\\\/#organization\"},\"potentialAction\":[{\"@type\":\"SearchAction\",\"target\":{\"@type\":\"EntryPoint\",\"urlTemplate\":\"https:\\\/\\\/diyanetburslari.tdv.org\\\/?s={search_term_string}\"},\"query-input\":{\"@type\":\"PropertyValueSpecification\",\"valueRequired\":true,\"valueName\":\"search_term_string\"}}],\"inLanguage\":\"en-GB\"},{\"@type\":\"Organization\",\"@id\":\"https:\\\/\\\/diyanetburslari.tdv.org\\\/#organization\",\"name\":\"Diyanet Burslar\u0131\",\"url\":\"https:\\\/\\\/diyanetburslari.tdv.org\\\/\",\"logo\":{\"@type\":\"ImageObject\",\"inLanguage\":\"en-GB\",\"@id\":\"https:\\\/\\\/diyanetburslari.tdv.org\\\/#\\\/schema\\\/logo\\\/image\\\/\",\"url\":\"https:\\\/\\\/diyanetburslari.tdv.org\\\/wp-content\\\/uploads\\\/2025\\\/08\\\/Diyanet-Burslari-Logo-V3-yabanci-diller-tek-Kopya-scaled.png\",\"contentUrl\":\"https:\\\/\\\/diyanetburslari.tdv.org\\\/wp-content\\\/uploads\\\/2025\\\/08\\\/Diyanet-Burslari-Logo-V3-yabanci-diller-tek-Kopya-scaled.png\",\"width\":2465,\"height\":2560,\"caption\":\"Diyanet Burslar\u0131\"},\"image\":{\"@id\":\"https:\\\/\\\/diyanetburslari.tdv.org\\\/#\\\/schema\\\/logo\\\/image\\\/\"}}]}<\/script>\n<!-- \/ Yoast SEO plugin. -->","yoast_head_json":{"title":"\u0130leti\u015fim","robots":{"index":"index","follow":"follow","max-snippet":"max-snippet:-1","max-image-preview":"max-image-preview:large","max-video-preview":"max-video-preview:-1"},"canonical":"https:\/\/diyanetburslari.tdv.org\/en\/iletisim\/","og_locale":"en_GB","og_type":"article","og_title":"[:tr]\u0130leti\u015fim[:]- Diyanet Scholarships","og_url":"https:\/\/diyanetburslari.tdv.org\/en\/iletisim\/","og_site_name":"Diyanet Scholarships","article_modified_time":"2023-12-26T12:15:13+00:00","twitter_card":"summary_large_image","schema":{"@context":"https:\/\/schema.org","@graph":[{"@type":"WebPage","@id":"https:\/\/diyanetburslari.tdv.org\/iletisim\/","url":"https:\/\/diyanetburslari.tdv.org\/iletisim\/","name":"\u0130leti\u015fim","isPartOf":{"@id":"https:\/\/diyanetburslari.tdv.org\/#website"},"datePublished":"2023-12-26T10:30:08+00:00","dateModified":"2023-12-26T12:15:13+00:00","breadcrumb":{"@id":"https:\/\/diyanetburslari.tdv.org\/iletisim\/#breadcrumb"},"inLanguage":"en-GB","potentialAction":[{"@type":"ReadAction","target":["https:\/\/diyanetburslari.tdv.org\/iletisim\/"]}]},{"@type":"BreadcrumbList","@id":"https:\/\/diyanetburslari.tdv.org\/iletisim\/#breadcrumb","itemListElement":[{"@type":"ListItem","position":1,"name":"Anasayfa","item":"https:\/\/diyanetburslari.tdv.org\/en\/"},{"@type":"ListItem","position":2,"name":"\u0130leti\u015fim"}]},{"@type":"WebSite","@id":"https:\/\/diyanetburslari.tdv.org\/#website","url":"https:\/\/diyanetburslari.tdv.org\/","name":"Diyanet Burslar\u0131","description":"T\u00fcrkiye Diyanet Foudation","publisher":{"@id":"https:\/\/diyanetburslari.tdv.org\/#organization"},"potentialAction":[{"@type":"SearchAction","target":{"@type":"EntryPoint","urlTemplate":"https:\/\/diyanetburslari.tdv.org\/?s={search_term_string}"},"query-input":{"@type":"PropertyValueSpecification","valueRequired":true,"valueName":"search_term_string"}}],"inLanguage":"en-GB"},{"@type":"Organization","@id":"https:\/\/diyanetburslari.tdv.org\/#organization","name":"Diyanet Burslar\u0131","url":"https:\/\/diyanetburslari.tdv.org\/","logo":{"@type":"ImageObject","inLanguage":"en-GB","@id":"https:\/\/diyanetburslari.tdv.org\/#\/schema\/logo\/image\/","url":"https:\/\/diyanetburslari.tdv.org\/wp-content\/uploads\/2025\/08\/Diyanet-Burslari-Logo-V3-yabanci-diller-tek-Kopya-scaled.png","contentUrl":"https:\/\/diyanetburslari.tdv.org\/wp-content\/uploads\/2025\/08\/Diyanet-Burslari-Logo-V3-yabanci-diller-tek-Kopya-scaled.png","width":2465,"height":2560,"caption":"Diyanet Burslar\u0131"},"image":{"@id":"https:\/\/diyanetburslari.tdv.org\/#\/schema\/logo\/image\/"}}]}},"_links":{"self":[{"href":"https:\/\/diyanetburslari.tdv.org\/en\/wp-json\/wp\/v2\/pages\/13692","targetHints":{"allow":["GET"]}}],"collection":[{"href":"https:\/\/diyanetburslari.tdv.org\/en\/wp-json\/wp\/v2\/pages"}],"about":[{"href":"https:\/\/diyanetburslari.tdv.org\/en\/wp-json\/wp\/v2\/types\/page"}],"author":[{"embeddable":true,"href":"https:\/\/diyanetburslari.tdv.org\/en\/wp-json\/wp\/v2\/users\/11"}],"replies":[{"embeddable":true,"href":"https:\/\/diyanetburslari.tdv.org\/en\/wp-json\/wp\/v2\/comments?post=13692"}],"version-history":[{"count":5,"href":"https:\/\/diyanetburslari.tdv.org\/en\/wp-json\/wp\/v2\/pages\/13692\/revisions"}],"predecessor-version":[{"id":13724,"href":"https:\/\/diyanetburslari.tdv.org\/en\/wp-json\/wp\/v2\/pages\/13692\/revisions\/13724"}],"wp:attachment":[{"href":"https:\/\/diyanetburslari.tdv.org\/en\/wp-json\/wp\/v2\/media?parent=13692"}],"curies":[{"name":"wp","href":"https:\/\/api.w.org\/{rel}","templated":true}]}}