{"id":15140,"date":"2025-04-28T15:18:18","date_gmt":"2025-04-28T12:18:18","guid":{"rendered":"https:\/\/diyanetburslari.tdv.org\/?page_id=15140"},"modified":"2025-04-28T15:18:18","modified_gmt":"2025-04-28T12:18:18","slug":"personel-istek-talep-degerlendirme-formu","status":"publish","type":"page","link":"https:\/\/diyanetburslari.tdv.org\/en\/personel-istek-talep-degerlendirme-formu\/","title":{"rendered":"PERSONEL \u0130STEK\/TALEP\/DE\u011eERLEND\u0130RME FORMU"},"content":{"rendered":"<div id=\"quform-ac0305\" class=\"quform quform-27 quform-theme-react quform-support-page-caching\"><form id=\"quform-form-ac0305\" class=\"quform-form quform-form-27\" action=\"\/en\/wp-json\/wp\/v2\/pages\/15140#quform-ac0305\" method=\"post\" enctype=\"multipart\/form-data\" novalidate=\"novalidate\" data-options=\"{&quot;id&quot;:27,&quot;uniqueId&quot;:&quot;ac0305&quot;,&quot;theme&quot;:&quot;react&quot;,&quot;ajax&quot;:true,&quot;logic&quot;:{&quot;logic&quot;:{&quot;42&quot;:{&quot;action&quot;:true,&quot;match&quot;:&quot;all&quot;,&quot;rules&quot;:[{&quot;elementId&quot;:&quot;40&quot;,&quot;operator&quot;:&quot;eq&quot;,&quot;optionId&quot;:&quot;499&quot;,&quot;value&quot;:&quot;Evet&quot;}]},&quot;18&quot;:{&quot;action&quot;:true,&quot;match&quot;:&quot;all&quot;,&quot;rules&quot;:[{&quot;elementId&quot;:&quot;43&quot;,&quot;operator&quot;:&quot;lt&quot;,&quot;optionId&quot;:null,&quot;value&quot;:&quot;3&quot;}]}},&quot;dependents&quot;:{&quot;40&quot;:[42],&quot;43&quot;:[18]},&quot;elementIds&quot;:[42,18],&quot;dependentElementIds&quot;:[&quot;40&quot;,&quot;43&quot;],&quot;animate&quot;:true},&quot;currentPageId&quot;:1,&quot;errorsIcon&quot;:&quot;&quot;,&quot;updateFancybox&quot;:true,&quot;hasPages&quot;:false,&quot;pages&quot;:[1],&quot;pageProgressType&quot;:&quot;numbers&quot;,&quot;tooltipsEnabled&quot;:true,&quot;tooltipClasses&quot;:&quot;qtip-quform-dark qtip-shadow&quot;,&quot;tooltipMy&quot;:&quot;left center&quot;,&quot;tooltipAt&quot;:&quot;right center&quot;,&quot;isRtl&quot;:false,&quot;scrollOffset&quot;:-50,&quot;scrollSpeed&quot;:800}\"><button class=\"quform-default-submit\" name=\"quform_submit\" type=\"submit\" value=\"submit\" aria-hidden=\"true\" tabindex=\"-1\"><\/button><div class=\"quform-form-inner quform-form-inner-27\"><input type=\"hidden\" name=\"quform_form_id\" value=\"27\" \/><input type=\"hidden\" name=\"quform_form_uid\" value=\"ac0305\" \/><input type=\"hidden\" name=\"quform_count\" value=\"1\" \/><input type=\"hidden\" name=\"form_url\" value=\"https:\/\/diyanetburslari.tdv.org\/en\/wp-json\/wp\/v2\/pages\/15140\" \/><input type=\"hidden\" name=\"referring_url\" value=\"\" \/><input type=\"hidden\" name=\"post_id\" value=\"\" \/><input type=\"hidden\" name=\"post_title\" value=\"\" \/><input type=\"hidden\" name=\"quform_current_page_id\" value=\"1\" \/><input type=\"hidden\" name=\"quform_loaded\" value=\"1776505606|2f2a44e604c0e653c1cd3a223ec8696b\" \/><input type=\"hidden\" name=\"quform_csrf_token\" value=\"0zat7mvHRWx28qSxPg8l73QIXgksiIJuuhN9O27Q\" \/><div class=\"quform-elements quform-elements-27 quform-cf quform-responsive-elements-phone-landscape\"><div class=\"quform-element quform-element-page quform-page-1 quform-page-27_1 quform-cf quform-group-style-plain quform-first-page quform-last-page quform-current-page\"><div class=\"quform-child-elements\"><input type=\"hidden\" name=\"quform_27_66\" class=\"quform-field quform-field-hidden quform-field-27_66\" data-default=\"\" \/><div class=\"quform-element quform-element-textarea quform-element-27_636885 quform-sr-only quform-cf\" style=\"clip: rect(1px, 1px, 1px, 1px); clip-path: inset(50%); position: absolute !important; height: 1px; width: 1px; overflow: hidden;\"><div class=\"quform-spacer\"><div class=\"quform-label quform-label-27_636885\"><label class=\"quform-label-text\" for=\"quform_27_636885_ac0305\">Phone Number<span class=\"quform-required\">*<\/span><\/label><\/div><div class=\"quform-inner quform-inner-27_636885\"><textarea id=\"quform_27_636885_ac0305\" name=\"quform_27_636885\" class=\"quform-field quform-field-textarea quform-field-27_636885\" tabindex=\"-1\" autocomplete=\"new-password\"><\/textarea><\/div><\/div><\/div><div class=\"quform-element quform-element-html quform-element-27_28 quform-cf\"><div class=\"quform-spacer\">Bu form, T\u00fcrkiye Diyanet Vakf\u0131'n\u0131n E\u011fitim ve K\u00fclt\u00fcr Hizmetleri M\u00fcd\u00fcrl\u00fc\u011f\u00fc (Genel Merkez) personelleri i\u00e7in haz\u0131rlanm\u0131\u015ft\u0131r. Personellerimizin geri bildirimleri ile \u00e7al\u0131\u015fmalar\u0131m\u0131z\u0131n iyile\u015ftirilmesi ama\u00e7lanmaktad\u0131r. *<em>Formda beyan etti\u011finiz veriler kesinlikle payla\u015f\u0131lmayacak olup, sadece y\u00f6netici taraf\u0131ndan g\u00f6r\u00fcnt\u00fclenecektir.<\/em><\/div><\/div><div class=\"quform-element quform-element-row quform-element-row-27_29 quform-2-columns quform-element-row-size-fixed quform-responsive-columns-phone-landscape\"><div class=\"quform-element quform-element-column quform-element-27_30\"><div class=\"quform-element quform-element-text quform-element-27_3 quform-cf quform-element-required\"><div class=\"quform-spacer\"><div class=\"quform-label quform-label-27_3\"><label class=\"quform-label-text\" for=\"quform_27_3_ac0305\">AD VE SOYAD<span class=\"quform-required\">*<\/span><\/label><\/div><div class=\"quform-inner quform-inner-text quform-inner-27_3\"><div class=\"quform-input quform-input-text quform-input-27_3 quform-cf\"><input type=\"text\" id=\"quform_27_3_ac0305\" name=\"quform_27_3\" class=\"quform-field quform-field-text quform-field-27_3\" \/><\/div><\/div><\/div><\/div><div class=\"quform-element quform-element-select quform-element-27_38 quform-cf quform-element-required\"><div class=\"quform-spacer\"><div class=\"quform-label quform-label-27_38\"><label class=\"quform-label-text\" for=\"quform_27_38_ac0305\">\u00dcNVAN<span class=\"quform-required\">*<\/span><\/label><\/div><div class=\"quform-inner quform-inner-select quform-inner-27_38\"><div class=\"quform-input quform-input-select quform-input-27_38 quform-cf\"><select id=\"quform_27_38_ac0305\" name=\"quform_27_38\" class=\"quform-field quform-field-select quform-field-27_38\"><option value=\"Personel\">Personel<\/option><option value=\"Uzman Yard\u0131mc\u0131s\u0131\">Uzman Yard\u0131mc\u0131s\u0131<\/option><option value=\"Uzman\">Uzman<\/option><option value=\"K\u0131demli Uzman\">K\u0131demli Uzman<\/option><\/select><\/div><\/div><\/div><\/div><div class=\"quform-element quform-element-select quform-element-27_5 quform-cf quform-element-required\"><div class=\"quform-spacer\"><div class=\"quform-label quform-label-27_5\"><label class=\"quform-label-text\" for=\"quform_27_5_ac0305\">DEPARTMAN<span class=\"quform-required\">*<\/span><\/label><\/div><div class=\"quform-inner quform-inner-select quform-inner-27_5\"><div class=\"quform-input quform-input-select quform-input-27_5 quform-cf\"><select id=\"quform_27_5_ac0305\" name=\"quform_27_5\" class=\"quform-field quform-field-select quform-field-27_5\"><option value=\"\u00d6\u011frenci \u0130\u015fleri Departman\u0131\">\u00d6\u011frenci \u0130\u015fleri Departman\u0131<\/option><option value=\"Akademik ve K\u00fclt\u00fcrel Faaliyetler Departman\u0131\">Akademik ve K\u00fclt\u00fcrel Faaliyetler Departman\u0131<\/option><option value=\"Yurt D\u0131\u015f\u0131 E\u011fitim Hizmetleri Departman\u0131\">Yurt D\u0131\u015f\u0131 E\u011fitim Hizmetleri Departman\u0131<\/option><\/select><\/div><\/div><\/div><\/div><div class=\"quform-element quform-element-select quform-element-27_40 quform-cf quform-element-required\"><div class=\"quform-spacer\"><div class=\"quform-label quform-label-27_40\"><label class=\"quform-label-text\" for=\"quform_27_40_ac0305\">DEPARTMAN DE\u011e\u0130\u015e\u0130KL\u0130\u011e\u0130 YAPMAK \u0130STER M\u0130S\u0130N\u0130Z?<span class=\"quform-required\">*<\/span><\/label><\/div><div class=\"quform-inner quform-inner-select quform-inner-27_40\"><div class=\"quform-input quform-input-select quform-input-27_40 quform-cf\"><select id=\"quform_27_40_ac0305\" name=\"quform_27_40\" class=\"quform-field quform-field-select quform-field-27_40\"><option value=\"Hay\u0131r\">Hay\u0131r<\/option><option value=\"Evet\">Evet<\/option><\/select><\/div><\/div><\/div><\/div><div class=\"quform-element quform-element-select quform-element-27_42 quform-cf quform-element-required\"><div class=\"quform-spacer\"><div class=\"quform-label quform-label-27_42\"><label class=\"quform-label-text\" for=\"quform_27_42_ac0305\">De\u011fi\u015fiklik Yapmak \u0130stedi\u011finiz Departman\u0131 Se\u00e7iniz<span class=\"quform-required\">*<\/span><\/label><\/div><div class=\"quform-inner quform-inner-select quform-inner-27_42\"><div class=\"quform-input quform-input-select quform-input-27_42 quform-cf\"><select id=\"quform_27_42_ac0305\" name=\"quform_27_42\" class=\"quform-field quform-field-select quform-field-27_42\"><option value=\"\" selected=\"selected\">Please select<\/option><option value=\"\u00d6\u011frenci \u0130\u015fleri Departman\u0131\">\u00d6\u011frenci \u0130\u015fleri Departman\u0131<\/option><option value=\"Akademik ve K\u00fclt\u00fcrel Faaliyetler Departman\u0131\">Akademik ve K\u00fclt\u00fcrel Faaliyetler Departman\u0131<\/option><option value=\"Yurt D\u0131\u015f\u0131 E\u011fitim Hizmetleri Departman\u0131\">Yurt D\u0131\u015f\u0131 E\u011fitim Hizmetleri Departman\u0131<\/option><option value=\"\u0130l E\u011fitim Hizmetleri Koordinat\u00f6rl\u00fckleri\">\u0130l E\u011fitim Hizmetleri Koordinat\u00f6rl\u00fckleri<\/option><\/select><\/div><\/div><\/div><\/div><div class=\"quform-element quform-element-radio quform-element-27_43 quform-cf quform-element-required\"><div class=\"quform-spacer\"><div class=\"quform-label quform-label-27_43\"><label class=\"quform-label-text\" id=\"quform_27_43_ac0305_label\">Birimde g\u00f6rev ald\u0131\u011f\u0131n\u0131z alan ve departmanla ilgili memnuniyetinizi puanlay\u0131n\u0131z<span class=\"quform-required\">*<\/span><\/label><\/div><div class=\"quform-inner quform-inner-radio quform-inner-27_43\"><div class=\"quform-input quform-input-radio quform-input-27_43 quform-cf\"><div class=\"quform-options quform-cf quform-options-inline quform-options-simple\" role=\"radiogroup\" aria-labelledby=\"quform_27_43_ac0305_label\"><div class=\"quform-option\"><input type=\"radio\" name=\"quform_27_43\" id=\"quform_27_43_ac0305_1\" class=\"quform-field quform-field-radio quform-field-27_43 quform-field-27_43_1\" value=\"1\" \/><label for=\"quform_27_43_ac0305_1\" class=\"quform-option-label quform-option-label-27_43_1\"><span class=\"quform-option-text\">1<\/span><\/label><\/div><div class=\"quform-option\"><input type=\"radio\" name=\"quform_27_43\" id=\"quform_27_43_ac0305_2\" class=\"quform-field quform-field-radio quform-field-27_43 quform-field-27_43_2\" value=\"2\" \/><label for=\"quform_27_43_ac0305_2\" class=\"quform-option-label quform-option-label-27_43_2\"><span class=\"quform-option-text\">2<\/span><\/label><\/div><div class=\"quform-option\"><input type=\"radio\" name=\"quform_27_43\" id=\"quform_27_43_ac0305_3\" class=\"quform-field quform-field-radio quform-field-27_43 quform-field-27_43_3\" value=\"3\" \/><label for=\"quform_27_43_ac0305_3\" class=\"quform-option-label quform-option-label-27_43_3\"><span class=\"quform-option-text\">3<\/span><\/label><\/div><div class=\"quform-option\"><input type=\"radio\" name=\"quform_27_43\" id=\"quform_27_43_ac0305_5\" class=\"quform-field quform-field-radio quform-field-27_43 quform-field-27_43_5\" value=\"4\" \/><label for=\"quform_27_43_ac0305_5\" class=\"quform-option-label quform-option-label-27_43_5\"><span class=\"quform-option-text\">4<\/span><\/label><\/div><div class=\"quform-option\"><input type=\"radio\" name=\"quform_27_43\" id=\"quform_27_43_ac0305_4\" class=\"quform-field quform-field-radio quform-field-27_43 quform-field-27_43_4\" value=\"5\" \/><label for=\"quform_27_43_ac0305_4\" class=\"quform-option-label quform-option-label-27_43_4\"><span class=\"quform-option-text\">5<\/span><\/label><\/div><\/div><\/div><\/div><\/div><\/div><div class=\"quform-element quform-element-text quform-element-27_18 quform-cf quform-element-optional\"><div class=\"quform-spacer\"><div class=\"quform-label quform-label-27_18\"><label class=\"quform-label-text\" for=\"quform_27_18_ac0305\">1. Madde i\u00e7in iyile\u015ftirme \u00f6neriniz?<\/label><\/div><div class=\"quform-inner quform-inner-text quform-inner-27_18\"><div class=\"quform-input quform-input-text quform-input-27_18 quform-cf\"><input type=\"text\" id=\"quform_27_18_ac0305\" name=\"quform_27_18\" class=\"quform-field quform-field-text quform-field-27_18\" \/><\/div><\/div><\/div><\/div><\/div><div class=\"quform-element quform-element-column quform-element-27_31\"><\/div><\/div><div class=\"quform-element quform-element-textarea quform-element-27_17 quform-cf quform-element-required\"><div class=\"quform-spacer\"><div class=\"quform-label quform-label-27_17\"><label class=\"quform-label-text\" for=\"quform_27_17_ac0305\">Birim hakk\u0131nda genel de\u011ferlendirmeniz.<span class=\"quform-required\">*<\/span><\/label><\/div><div class=\"quform-inner quform-inner-textarea quform-inner-27_17\"><div class=\"quform-input quform-input-textarea quform-input-27_17 quform-cf\"><textarea id=\"quform_27_17_ac0305\" name=\"quform_27_17\" class=\"quform-field quform-field-textarea quform-field-27_17\"><\/textarea><\/div><\/div><\/div><\/div><input type=\"hidden\" name=\"quform_27_44\" class=\"quform-field quform-field-hidden quform-field-27_44\" data-default=\"\" \/><div class=\"quform-element quform-element-submit quform-element-27_2 quform-cf quform-button-style-theme\"><div class=\"quform-button-submit quform-button-submit-default quform-button-submit-27_2\"><button name=\"quform_submit\" type=\"submit\" class=\"quform-submit\" value=\"submit\"><span class=\"quform-button-text quform-button-submit-text\">Send<\/span><\/button><\/div><div class=\"quform-loading quform-loading-position-left quform-loading-type-spinner-1\"><div class=\"quform-loading-inner\"><div class=\"quform-loading-spinner\"><div class=\"quform-loading-spinner-inner\"><\/div><\/div><\/div><\/div><\/div><\/div><\/div><\/div><\/div><\/form><\/div>\n","protected":false},"excerpt":{"rendered":"","protected":false},"author":11,"featured_media":0,"parent":0,"menu_order":0,"comment_status":"closed","ping_status":"closed","template":"","meta":{"footnotes":""},"class_list":["post-15140","page","type-page","status-publish","hentry"],"yoast_head":"<!-- This site is optimized with the Yoast SEO plugin v27.4 - https:\/\/yoast.com\/product\/yoast-seo-wordpress\/ -->\n<title>PERSONEL \u0130STEK\/TALEP\/DE\u011eERLEND\u0130RME FORMU<\/title>\n<meta name=\"robots\" content=\"index, follow, max-snippet:-1, max-image-preview:large, max-video-preview:-1\" \/>\n<link rel=\"canonical\" href=\"https:\/\/diyanetburslari.tdv.org\/en\/personel-istek-talep-degerlendirme-formu\/\" \/>\n<meta property=\"og:locale\" content=\"en_GB\" \/>\n<meta property=\"og:locale:alternate\" content=\"tr_TR\" \/>\n<meta property=\"og:type\" content=\"article\" \/>\n<meta property=\"og:title\" content=\"PERSONEL \u0130STEK\/TALEP\/DE\u011eERLEND\u0130RME FORMU\" \/>\n<meta property=\"og:url\" content=\"https:\/\/diyanetburslari.tdv.org\/en\/personel-istek-talep-degerlendirme-formu\/\" \/>\n<meta property=\"og:site_name\" content=\"Diyanet Scholarships\" \/>\n<meta name=\"twitter:card\" content=\"summary_large_image\" \/>\n<script type=\"application\/ld+json\" class=\"yoast-schema-graph\">{\"@context\":\"https:\\\/\\\/schema.org\",\"@graph\":[{\"@type\":\"WebPage\",\"@id\":\"https:\\\/\\\/diyanetburslari.tdv.org\\\/personel-istek-talep-degerlendirme-formu\\\/\",\"url\":\"https:\\\/\\\/diyanetburslari.tdv.org\\\/personel-istek-talep-degerlendirme-formu\\\/\",\"name\":\"PERSONEL \u0130STEK\\\/TALEP\\\/DE\u011eERLEND\u0130RME FORMU\",\"isPartOf\":{\"@id\":\"https:\\\/\\\/diyanetburslari.tdv.org\\\/#website\"},\"datePublished\":\"2025-04-28T12:18:18+00:00\",\"breadcrumb\":{\"@id\":\"https:\\\/\\\/diyanetburslari.tdv.org\\\/personel-istek-talep-degerlendirme-formu\\\/#breadcrumb\"},\"inLanguage\":\"en-GB\",\"potentialAction\":[{\"@type\":\"ReadAction\",\"target\":[\"https:\\\/\\\/diyanetburslari.tdv.org\\\/personel-istek-talep-degerlendirme-formu\\\/\"]}]},{\"@type\":\"BreadcrumbList\",\"@id\":\"https:\\\/\\\/diyanetburslari.tdv.org\\\/personel-istek-talep-degerlendirme-formu\\\/#breadcrumb\",\"itemListElement\":[{\"@type\":\"ListItem\",\"position\":1,\"name\":\"Anasayfa\",\"item\":\"https:\\\/\\\/diyanetburslari.tdv.org\\\/en\\\/\"},{\"@type\":\"ListItem\",\"position\":2,\"name\":\"PERSONEL \u0130STEK\\\/TALEP\\\/DE\u011eERLEND\u0130RME FORMU\"}]},{\"@type\":\"WebSite\",\"@id\":\"https:\\\/\\\/diyanetburslari.tdv.org\\\/#website\",\"url\":\"https:\\\/\\\/diyanetburslari.tdv.org\\\/\",\"name\":\"Diyanet Burslar\u0131\",\"description\":\"T\u00fcrkiye Diyanet Foudation\",\"publisher\":{\"@id\":\"https:\\\/\\\/diyanetburslari.tdv.org\\\/#organization\"},\"potentialAction\":[{\"@type\":\"SearchAction\",\"target\":{\"@type\":\"EntryPoint\",\"urlTemplate\":\"https:\\\/\\\/diyanetburslari.tdv.org\\\/?s={search_term_string}\"},\"query-input\":{\"@type\":\"PropertyValueSpecification\",\"valueRequired\":true,\"valueName\":\"search_term_string\"}}],\"inLanguage\":\"en-GB\"},{\"@type\":\"Organization\",\"@id\":\"https:\\\/\\\/diyanetburslari.tdv.org\\\/#organization\",\"name\":\"Diyanet Burslar\u0131\",\"url\":\"https:\\\/\\\/diyanetburslari.tdv.org\\\/\",\"logo\":{\"@type\":\"ImageObject\",\"inLanguage\":\"en-GB\",\"@id\":\"https:\\\/\\\/diyanetburslari.tdv.org\\\/#\\\/schema\\\/logo\\\/image\\\/\",\"url\":\"https:\\\/\\\/diyanetburslari.tdv.org\\\/wp-content\\\/uploads\\\/2025\\\/08\\\/Diyanet-Burslari-Logo-V3-yabanci-diller-tek-Kopya-scaled.png\",\"contentUrl\":\"https:\\\/\\\/diyanetburslari.tdv.org\\\/wp-content\\\/uploads\\\/2025\\\/08\\\/Diyanet-Burslari-Logo-V3-yabanci-diller-tek-Kopya-scaled.png\",\"width\":2465,\"height\":2560,\"caption\":\"Diyanet Burslar\u0131\"},\"image\":{\"@id\":\"https:\\\/\\\/diyanetburslari.tdv.org\\\/#\\\/schema\\\/logo\\\/image\\\/\"}}]}<\/script>\n<!-- \/ Yoast SEO plugin. -->","yoast_head_json":{"title":"PERSONEL \u0130STEK\/TALEP\/DE\u011eERLEND\u0130RME FORMU","robots":{"index":"index","follow":"follow","max-snippet":"max-snippet:-1","max-image-preview":"max-image-preview:large","max-video-preview":"max-video-preview:-1"},"canonical":"https:\/\/diyanetburslari.tdv.org\/en\/personel-istek-talep-degerlendirme-formu\/","og_locale":"en_GB","og_type":"article","og_title":"[:tr]PERSONEL \u0130STEK\/TALEP\/DE\u011eERLEND\u0130RME FORMU[:]- Diyanet Scholarships","og_url":"https:\/\/diyanetburslari.tdv.org\/en\/personel-istek-talep-degerlendirme-formu\/","og_site_name":"Diyanet Scholarships","twitter_card":"summary_large_image","schema":{"@context":"https:\/\/schema.org","@graph":[{"@type":"WebPage","@id":"https:\/\/diyanetburslari.tdv.org\/personel-istek-talep-degerlendirme-formu\/","url":"https:\/\/diyanetburslari.tdv.org\/personel-istek-talep-degerlendirme-formu\/","name":"PERSONEL \u0130STEK\/TALEP\/DE\u011eERLEND\u0130RME FORMU","isPartOf":{"@id":"https:\/\/diyanetburslari.tdv.org\/#website"},"datePublished":"2025-04-28T12:18:18+00:00","breadcrumb":{"@id":"https:\/\/diyanetburslari.tdv.org\/personel-istek-talep-degerlendirme-formu\/#breadcrumb"},"inLanguage":"en-GB","potentialAction":[{"@type":"ReadAction","target":["https:\/\/diyanetburslari.tdv.org\/personel-istek-talep-degerlendirme-formu\/"]}]},{"@type":"BreadcrumbList","@id":"https:\/\/diyanetburslari.tdv.org\/personel-istek-talep-degerlendirme-formu\/#breadcrumb","itemListElement":[{"@type":"ListItem","position":1,"name":"Anasayfa","item":"https:\/\/diyanetburslari.tdv.org\/en\/"},{"@type":"ListItem","position":2,"name":"PERSONEL \u0130STEK\/TALEP\/DE\u011eERLEND\u0130RME FORMU"}]},{"@type":"WebSite","@id":"https:\/\/diyanetburslari.tdv.org\/#website","url":"https:\/\/diyanetburslari.tdv.org\/","name":"Diyanet Burslar\u0131","description":"T\u00fcrkiye Diyanet Foudation","publisher":{"@id":"https:\/\/diyanetburslari.tdv.org\/#organization"},"potentialAction":[{"@type":"SearchAction","target":{"@type":"EntryPoint","urlTemplate":"https:\/\/diyanetburslari.tdv.org\/?s={search_term_string}"},"query-input":{"@type":"PropertyValueSpecification","valueRequired":true,"valueName":"search_term_string"}}],"inLanguage":"en-GB"},{"@type":"Organization","@id":"https:\/\/diyanetburslari.tdv.org\/#organization","name":"Diyanet Burslar\u0131","url":"https:\/\/diyanetburslari.tdv.org\/","logo":{"@type":"ImageObject","inLanguage":"en-GB","@id":"https:\/\/diyanetburslari.tdv.org\/#\/schema\/logo\/image\/","url":"https:\/\/diyanetburslari.tdv.org\/wp-content\/uploads\/2025\/08\/Diyanet-Burslari-Logo-V3-yabanci-diller-tek-Kopya-scaled.png","contentUrl":"https:\/\/diyanetburslari.tdv.org\/wp-content\/uploads\/2025\/08\/Diyanet-Burslari-Logo-V3-yabanci-diller-tek-Kopya-scaled.png","width":2465,"height":2560,"caption":"Diyanet Burslar\u0131"},"image":{"@id":"https:\/\/diyanetburslari.tdv.org\/#\/schema\/logo\/image\/"}}]}},"_links":{"self":[{"href":"https:\/\/diyanetburslari.tdv.org\/en\/wp-json\/wp\/v2\/pages\/15140","targetHints":{"allow":["GET"]}}],"collection":[{"href":"https:\/\/diyanetburslari.tdv.org\/en\/wp-json\/wp\/v2\/pages"}],"about":[{"href":"https:\/\/diyanetburslari.tdv.org\/en\/wp-json\/wp\/v2\/types\/page"}],"author":[{"embeddable":true,"href":"https:\/\/diyanetburslari.tdv.org\/en\/wp-json\/wp\/v2\/users\/11"}],"replies":[{"embeddable":true,"href":"https:\/\/diyanetburslari.tdv.org\/en\/wp-json\/wp\/v2\/comments?post=15140"}],"version-history":[{"count":2,"href":"https:\/\/diyanetburslari.tdv.org\/en\/wp-json\/wp\/v2\/pages\/15140\/revisions"}],"predecessor-version":[{"id":15142,"href":"https:\/\/diyanetburslari.tdv.org\/en\/wp-json\/wp\/v2\/pages\/15140\/revisions\/15142"}],"wp:attachment":[{"href":"https:\/\/diyanetburslari.tdv.org\/en\/wp-json\/wp\/v2\/media?parent=15140"}],"curies":[{"name":"wp","href":"https:\/\/api.w.org\/{rel}","templated":true}]}}