{"id":2244,"date":"2020-08-28T15:19:21","date_gmt":"2020-08-28T12:19:21","guid":{"rendered":"https:\/\/diyanetburslari.tdv.org\/?page_id=2244"},"modified":"2025-11-25T09:26:27","modified_gmt":"2025-11-25T06:26:27","slug":"ozel-destek-akademi-burs-programi","status":"publish","type":"page","link":"https:\/\/diyanetburslari.tdv.org\/en\/ozel-destek-akademi-burs-programi\/","title":{"rendered":"Specific Academy Scholarship Program"},"content":{"rendered":"<div class=\"fusion-fullwidth fullwidth-box fusion-builder-row-1 nonhundred-percent-fullwidth non-hundred-percent-height-scrolling\" style=\"background-color: rgba(255,255,255,0);background-position: center center;background-repeat: no-repeat;padding-top:0px;padding-right:0px;padding-bottom:0px;padding-left:0px;margin-bottom: 0px;margin-top: 0px;border-width: 0px 0px 0px 0px;border-color:#eae9e9;border-style:solid;\" ><div class=\"fusion-builder-row fusion-row\"><div class=\"fusion-layout-column fusion_builder_column fusion-builder-column-0 fusion_builder_column_1_1 1_1 fusion-one-full fusion-column-first fusion-column-last\" style=\"margin-top:0px;margin-bottom:0px;\"><div class=\"fusion-column-wrapper fusion-flex-column-wrapper-legacy\" style=\"background-position:left top;background-repeat:no-repeat;-webkit-background-size:cover;-moz-background-size:cover;-o-background-size:cover;background-size:cover;padding: 0px 0px 0px 0px;\"><div class=\"fusion-sep-clear\"><\/div><div class=\"fusion-separator fusion-full-width-sep\" style=\"margin-left: auto;margin-right: auto;margin-top:10px;margin-bottom:10px;width:100%;max-width:100%;\"><\/div><div class=\"fusion-sep-clear\"><\/div><div class=\"fusion-clearfix\"><\/div><\/div><\/div><div class=\"fusion-layout-column fusion_builder_column fusion-builder-column-1 fusion_builder_column_3_4 3_4 fusion-three-fourth fusion-column-first\" style=\"width:75%;width:calc(75% - ( ( 4% ) * 0.75 ) );margin-right: 4%;margin-top:0px;margin-bottom:0px;\"><div class=\"fusion-column-wrapper fusion-flex-column-wrapper-legacy\" style=\"background-position:left top;background-repeat:no-repeat;-webkit-background-size:cover;-moz-background-size:cover;-o-background-size:cover;background-size:cover;padding: 0px 0px 0px 0px;\"><div class=\"fusion-text fusion-text-1\"><p>It is an education program applied in \u201cTDV Dormitories\u201d to students studying in medicine, architecture, engineering, law and teaching departments.<\/p>\n<p>The aim of this program is to train individuals with Islamic knowledge and to provide financial and moral support.<\/p>\n<\/div>\n<div class=\"table-1\">\n<table width=\"100%\">\n<thead>\n<tr>\n<th align=\"left\">FROM WHICH PROVINCES WILL I PURCHASE?<\/th>\n<th align=\"left\">C\u0130NS\u0130YET<\/th>\n<\/tr>\n<\/thead>\n<tbody>\n<tr>\n<td align=\"left\">Ankara<\/td>\n<td align=\"left\">F &#038; M<\/td>\n<\/tr>\n<tr>\n<td align=\"left\">\u0130stanbul<\/td>\n<td align=\"left\">F &#038; M<\/td>\n<\/tr>\n<tr>\n<td align=\"left\">Konya<\/td>\n<td align=\"left\">F &#038; M<\/td>\n<\/tr>\n<tr>\n<td align=\"left\">Kayseri<\/td>\n<td align=\"left\">F &#038; M<\/td>\n<\/tr>\n<tr>\n<td align=\"left\">Bursa<\/td>\n<td align=\"left\">F &#038; M<\/td>\n<\/tr>\n<\/tbody>\n<\/table>\n<\/div>\n<div class=\"fusion-sep-clear\"><\/div><div class=\"fusion-separator fusion-full-width-sep\" style=\"margin-left: auto;margin-right: auto;margin-top:10px;margin-bottom:10px;width:100%;max-width:100%;\"><\/div><div class=\"fusion-sep-clear\"><\/div><span class=\"fusion-popover popover-1\" data-animation=\"1\" data-class=\"popover-1\" data-container=\"popover-1\" data-content=\"Bu programa ba\u015fvuru yapabilmek i\u00e7in s\u0131ralanan t\u00fcm \u015fartlar\u0131 birden sa\u011flaman\u0131z gerekmektedir\" data-delay=\"50\" data-placement=\"top\" data-title=\"2021 Y\u0131l\u0131 \u00d6zel Destek Akademi Kabul \u015eartlar\u0131\" data-toggle=\"popover\" data-trigger=\"hover\">\n<ul>\n<li>Haz\u0131rl\u0131k s\u0131n\u0131f\u0131 veya 1. s\u0131n\u0131fta \u00f6\u011frenim g\u00f6r\u00fcyor olmak<\/li>\n<li>E\u011fitim d\u00fczeyi lisans olmak<\/li>\n<li>TDV yurtlar\u0131nda bar\u0131n\u0131yor olmak,<\/li>\n<li>2021 &#8211; \u00d6zel Destek Akademi \/ T\u0131p, Mimarl\u0131k, M\u00fchendislik, Hukuk, \u00d6\u011fretmenlik b\u00f6l\u00fcmlerinde \u00f6\u011frenim g\u00f6r\u00fcyor olmak<\/li>\n<li>2021 \u00d6zel Destek Akademi \/ Program\u0131n a\u00e7\u0131ld\u0131\u011f\u0131 illerde \u00f6\u011frenim g\u00f6r\u00fcyor olmak<\/li>\n<li>Bek\u00e2r olmak (evli olmamak)<\/li>\n<li>TC vatanda\u015f\u0131 olmak<\/li>\n<\/ul>\n<\/span><div class=\"fusion-clearfix\"><\/div><\/div><\/div><div class=\"fusion-layout-column fusion_builder_column fusion-builder-column-2 fusion_builder_column_1_4 1_4 fusion-one-fourth fusion-column-last fusion-animated\" style=\"width:25%;width:calc(25% - ( ( 4% ) * 0.25 ) );margin-top:10px;margin-bottom:10px;\" data-animationType=\"fadeInLeft\" data-animationDuration=\"0.3\" data-animationOffset=\"100%\"><div class=\"fusion-column-wrapper fusion-flex-column-wrapper-legacy\" style=\"background-position:left top;background-repeat:no-repeat;-webkit-background-size:cover;-moz-background-size:cover;-o-background-size:cover;background-size:cover;border-radius:10px 10px 10px 10px;background-color:rgba(239,239,239,0);border-radius:10px 10px 10px 10px;overflow:hidden;padding: 10px 10px 10px 10px;\"><div class=\"fusion-sep-clear\"><\/div><div class=\"fusion-separator fusion-full-width-sep\" style=\"margin-left: auto;margin-right: auto;margin-top:10px;margin-bottom:10px;width:100%;max-width:100%;\"><\/div><div class=\"fusion-sep-clear\"><\/div><div class=\"imageframe-align-center\"><span class=\" fusion-imageframe imageframe-none imageframe-1 hover-type-none\"><a class=\"fusion-no-lightbox\" href=\"https:\/\/diyanetburslari.tdv.org\/wp-content\/uploads\/2025\/11\/OZEL-DESTEK-AKADEMI-PROGRAMI.pdf\" target=\"_blank\" aria-label=\"download brochure\" rel=\"noopener noreferrer\"><img decoding=\"async\" width=\"150\" image_height=\"150\" image_id=\"15488\" src=\"https:\/\/diyanetburslari.tdv.org\/wp-content\/uploads\/2025\/11\/download-brochure-150x150.png\" class=\"img-responsive wp-image-15488\" srcset=\"https:\/\/diyanetburslari.tdv.org\/wp-content\/uploads\/2025\/11\/download-brochure-200x201.png 200w, https:\/\/diyanetburslari.tdv.org\/wp-content\/uploads\/2025\/11\/download-brochure-400x402.png 400w, https:\/\/diyanetburslari.tdv.org\/wp-content\/uploads\/2025\/11\/download-brochure.png 580w\" sizes=\"(max-width: 800px) 100vw, 400px\" \/><\/a><\/span><\/div><div class=\"fusion-sep-clear\"><\/div><div class=\"fusion-separator fusion-full-width-sep\" style=\"margin-left: auto;margin-right: auto;margin-top:10px;margin-bottom:10px;width:100%;max-width:100%;\"><\/div><div class=\"fusion-sep-clear\"><\/div><div class=\"fusion-text fusion-text-2\"><p style=\"text-align: center;\"><a href=\"https:\/\/diyanetburslari.tdv.org\/wp-content\/uploads\/2025\/11\/OZEL-DESTEK-AKADEMI-PROGRAMI.pdf\" target=\"_blank\" rel=\"noopener\">Download the brochure as a PDF<\/a><\/p>\n<\/div><div class=\"fusion-clearfix\"><\/div><\/div><\/div><div class=\"fusion-layout-column fusion_builder_column fusion-builder-column-3 fusion_builder_column_1_3 1_3 fusion-one-third fusion-column-first\" style=\"width:30.6666%; margin-right: 4%;margin-top:0px;margin-bottom:0px;\"><div class=\"fusion-column-wrapper fusion-flex-column-wrapper-legacy\" style=\"background-position:left top;background-repeat:no-repeat;-webkit-background-size:cover;-moz-background-size:cover;-o-background-size:cover;background-size:cover;padding: 0px 0px 0px 0px;\"><div class=\"fusion-sep-clear\"><\/div><div class=\"fusion-separator fusion-full-width-sep\" style=\"margin-left: auto;margin-right: auto;margin-top:10px;margin-bottom:10px;width:100%;max-width:100%;\"><\/div><div class=\"fusion-sep-clear\"><\/div><div class=\"fusion-align-block\"><style type=\"text\/css\">.fusion-button.button-1 {border-radius:2px;}<\/style><a class=\"fusion-button button-flat fusion-button-default-size button-default button-1 fusion-button-default-span fusion-button-default-type\" target=\"_self\" href=\"https:\/\/dbys.tdv.org\"><span class=\"fusion-button-text\">Ba\u015fvuru Yap<\/span><\/a><\/div><div class=\"fusion-clearfix\"><\/div><\/div><\/div><div class=\"fusion-layout-column fusion_builder_column fusion-builder-column-4 fusion_builder_column_1_1 1_1 fusion-one-full fusion-column-last\" style=\"margin-top:0px;margin-bottom:0px;\"><div class=\"fusion-column-wrapper fusion-flex-column-wrapper-legacy\" style=\"background-position:left top;background-repeat:no-repeat;-webkit-background-size:cover;-moz-background-size:cover;-o-background-size:cover;background-size:cover;padding: 0px 0px 0px 0px;\"><div class=\"fusion-sep-clear\"><\/div><div class=\"fusion-separator fusion-full-width-sep\" style=\"margin-left: auto;margin-right: auto;margin-top:10px;margin-bottom:10px;width:100%;max-width:100%;\"><\/div><div class=\"fusion-sep-clear\"><\/div><div class=\"fusion-clearfix\"><\/div><\/div><\/div><\/div><\/div>\n","protected":false},"excerpt":{"rendered":"","protected":false},"author":2,"featured_media":0,"parent":0,"menu_order":0,"comment_status":"closed","ping_status":"closed","template":"","meta":{"footnotes":""},"class_list":["post-2244","page","type-page","status-publish","hentry"],"yoast_head":"<!-- This site is optimized with the Yoast SEO plugin v27.4 - https:\/\/yoast.com\/product\/yoast-seo-wordpress\/ -->\n<title>Specific Academy Scholarship Program<\/title>\n<meta name=\"robots\" content=\"index, follow, max-snippet:-1, max-image-preview:large, max-video-preview:-1\" \/>\n<link rel=\"canonical\" href=\"https:\/\/diyanetburslari.tdv.org\/en\/ozel-destek-akademi-burs-programi\/\" \/>\n<meta property=\"og:locale\" content=\"en_GB\" \/>\n<meta property=\"og:locale:alternate\" content=\"tr_TR\" \/>\n<meta property=\"og:type\" content=\"article\" \/>\n<meta property=\"og:title\" content=\"Specific Academy Scholarship Program\" \/>\n<meta property=\"og:url\" content=\"https:\/\/diyanetburslari.tdv.org\/en\/ozel-destek-akademi-burs-programi\/\" \/>\n<meta property=\"og:site_name\" content=\"Diyanet Scholarships\" \/>\n<meta property=\"article:modified_time\" content=\"2025-11-25T06:26:27+00:00\" \/>\n<meta name=\"twitter:card\" content=\"summary_large_image\" \/>\n<script type=\"application\/ld+json\" class=\"yoast-schema-graph\">{\"@context\":\"https:\\\/\\\/schema.org\",\"@graph\":[{\"@type\":\"WebPage\",\"@id\":\"https:\\\/\\\/diyanetburslari.tdv.org\\\/en\\\/ozel-destek-akademi-burs-programi\\\/\",\"url\":\"https:\\\/\\\/diyanetburslari.tdv.org\\\/en\\\/ozel-destek-akademi-burs-programi\\\/\",\"name\":\"Specific Academy Scholarship Program\",\"isPartOf\":{\"@id\":\"https:\\\/\\\/diyanetburslari.tdv.org\\\/#website\"},\"datePublished\":\"2020-08-28T12:19:21+00:00\",\"dateModified\":\"2025-11-25T06:26:27+00:00\",\"breadcrumb\":{\"@id\":\"https:\\\/\\\/diyanetburslari.tdv.org\\\/en\\\/ozel-destek-akademi-burs-programi\\\/#breadcrumb\"},\"inLanguage\":\"en-GB\",\"potentialAction\":[{\"@type\":\"ReadAction\",\"target\":[\"https:\\\/\\\/diyanetburslari.tdv.org\\\/en\\\/ozel-destek-akademi-burs-programi\\\/\"]}]},{\"@type\":\"BreadcrumbList\",\"@id\":\"https:\\\/\\\/diyanetburslari.tdv.org\\\/en\\\/ozel-destek-akademi-burs-programi\\\/#breadcrumb\",\"itemListElement\":[{\"@type\":\"ListItem\",\"position\":1,\"name\":\"Anasayfa\",\"item\":\"https:\\\/\\\/diyanetburslari.tdv.org\\\/en\\\/\"},{\"@type\":\"ListItem\",\"position\":2,\"name\":\"Specific Academy Scholarship Program\"}]},{\"@type\":\"WebSite\",\"@id\":\"https:\\\/\\\/diyanetburslari.tdv.org\\\/#website\",\"url\":\"https:\\\/\\\/diyanetburslari.tdv.org\\\/\",\"name\":\"Diyanet Burslar\u0131\",\"description\":\"T\u00fcrkiye Diyanet Foudation\",\"publisher\":{\"@id\":\"https:\\\/\\\/diyanetburslari.tdv.org\\\/#organization\"},\"potentialAction\":[{\"@type\":\"SearchAction\",\"target\":{\"@type\":\"EntryPoint\",\"urlTemplate\":\"https:\\\/\\\/diyanetburslari.tdv.org\\\/?s={search_term_string}\"},\"query-input\":{\"@type\":\"PropertyValueSpecification\",\"valueRequired\":true,\"valueName\":\"search_term_string\"}}],\"inLanguage\":\"en-GB\"},{\"@type\":\"Organization\",\"@id\":\"https:\\\/\\\/diyanetburslari.tdv.org\\\/#organization\",\"name\":\"Diyanet Burslar\u0131\",\"url\":\"https:\\\/\\\/diyanetburslari.tdv.org\\\/\",\"logo\":{\"@type\":\"ImageObject\",\"inLanguage\":\"en-GB\",\"@id\":\"https:\\\/\\\/diyanetburslari.tdv.org\\\/#\\\/schema\\\/logo\\\/image\\\/\",\"url\":\"https:\\\/\\\/diyanetburslari.tdv.org\\\/wp-content\\\/uploads\\\/2025\\\/08\\\/Diyanet-Burslari-Logo-V3-yabanci-diller-tek-Kopya-scaled.png\",\"contentUrl\":\"https:\\\/\\\/diyanetburslari.tdv.org\\\/wp-content\\\/uploads\\\/2025\\\/08\\\/Diyanet-Burslari-Logo-V3-yabanci-diller-tek-Kopya-scaled.png\",\"width\":2465,\"height\":2560,\"caption\":\"Diyanet Burslar\u0131\"},\"image\":{\"@id\":\"https:\\\/\\\/diyanetburslari.tdv.org\\\/#\\\/schema\\\/logo\\\/image\\\/\"}}]}<\/script>\n<!-- \/ Yoast SEO plugin. -->","yoast_head_json":{"title":"Specific Academy Scholarship Program","robots":{"index":"index","follow":"follow","max-snippet":"max-snippet:-1","max-image-preview":"max-image-preview:large","max-video-preview":"max-video-preview:-1"},"canonical":"https:\/\/diyanetburslari.tdv.org\/en\/ozel-destek-akademi-burs-programi\/","og_locale":"en_GB","og_type":"article","og_title":"[:tr]\u00d6ZEL DESTEK AKADEM\u0130 PROGRAMI[:en]Specific Academy Scholarship Program[:]- Diyanet Scholarships","og_url":"https:\/\/diyanetburslari.tdv.org\/en\/ozel-destek-akademi-burs-programi\/","og_site_name":"Diyanet Scholarships","article_modified_time":"2025-11-25T06:26:27+00:00","twitter_card":"summary_large_image","schema":{"@context":"https:\/\/schema.org","@graph":[{"@type":"WebPage","@id":"https:\/\/diyanetburslari.tdv.org\/en\/ozel-destek-akademi-burs-programi\/","url":"https:\/\/diyanetburslari.tdv.org\/en\/ozel-destek-akademi-burs-programi\/","name":"Specific Academy Scholarship Program","isPartOf":{"@id":"https:\/\/diyanetburslari.tdv.org\/#website"},"datePublished":"2020-08-28T12:19:21+00:00","dateModified":"2025-11-25T06:26:27+00:00","breadcrumb":{"@id":"https:\/\/diyanetburslari.tdv.org\/en\/ozel-destek-akademi-burs-programi\/#breadcrumb"},"inLanguage":"en-GB","potentialAction":[{"@type":"ReadAction","target":["https:\/\/diyanetburslari.tdv.org\/en\/ozel-destek-akademi-burs-programi\/"]}]},{"@type":"BreadcrumbList","@id":"https:\/\/diyanetburslari.tdv.org\/en\/ozel-destek-akademi-burs-programi\/#breadcrumb","itemListElement":[{"@type":"ListItem","position":1,"name":"Anasayfa","item":"https:\/\/diyanetburslari.tdv.org\/en\/"},{"@type":"ListItem","position":2,"name":"Specific Academy Scholarship Program"}]},{"@type":"WebSite","@id":"https:\/\/diyanetburslari.tdv.org\/#website","url":"https:\/\/diyanetburslari.tdv.org\/","name":"Diyanet Burslar\u0131","description":"T\u00fcrkiye Diyanet Foudation","publisher":{"@id":"https:\/\/diyanetburslari.tdv.org\/#organization"},"potentialAction":[{"@type":"SearchAction","target":{"@type":"EntryPoint","urlTemplate":"https:\/\/diyanetburslari.tdv.org\/?s={search_term_string}"},"query-input":{"@type":"PropertyValueSpecification","valueRequired":true,"valueName":"search_term_string"}}],"inLanguage":"en-GB"},{"@type":"Organization","@id":"https:\/\/diyanetburslari.tdv.org\/#organization","name":"Diyanet Burslar\u0131","url":"https:\/\/diyanetburslari.tdv.org\/","logo":{"@type":"ImageObject","inLanguage":"en-GB","@id":"https:\/\/diyanetburslari.tdv.org\/#\/schema\/logo\/image\/","url":"https:\/\/diyanetburslari.tdv.org\/wp-content\/uploads\/2025\/08\/Diyanet-Burslari-Logo-V3-yabanci-diller-tek-Kopya-scaled.png","contentUrl":"https:\/\/diyanetburslari.tdv.org\/wp-content\/uploads\/2025\/08\/Diyanet-Burslari-Logo-V3-yabanci-diller-tek-Kopya-scaled.png","width":2465,"height":2560,"caption":"Diyanet Burslar\u0131"},"image":{"@id":"https:\/\/diyanetburslari.tdv.org\/#\/schema\/logo\/image\/"}}]}},"_links":{"self":[{"href":"https:\/\/diyanetburslari.tdv.org\/en\/wp-json\/wp\/v2\/pages\/2244","targetHints":{"allow":["GET"]}}],"collection":[{"href":"https:\/\/diyanetburslari.tdv.org\/en\/wp-json\/wp\/v2\/pages"}],"about":[{"href":"https:\/\/diyanetburslari.tdv.org\/en\/wp-json\/wp\/v2\/types\/page"}],"author":[{"embeddable":true,"href":"https:\/\/diyanetburslari.tdv.org\/en\/wp-json\/wp\/v2\/users\/2"}],"replies":[{"embeddable":true,"href":"https:\/\/diyanetburslari.tdv.org\/en\/wp-json\/wp\/v2\/comments?post=2244"}],"version-history":[{"count":78,"href":"https:\/\/diyanetburslari.tdv.org\/en\/wp-json\/wp\/v2\/pages\/2244\/revisions"}],"predecessor-version":[{"id":15508,"href":"https:\/\/diyanetburslari.tdv.org\/en\/wp-json\/wp\/v2\/pages\/2244\/revisions\/15508"}],"wp:attachment":[{"href":"https:\/\/diyanetburslari.tdv.org\/en\/wp-json\/wp\/v2\/media?parent=2244"}],"curies":[{"name":"wp","href":"https:\/\/api.w.org\/{rel}","templated":true}]}}