{"id":2247,"date":"2020-08-28T15:21:08","date_gmt":"2020-08-28T12:21:08","guid":{"rendered":"https:\/\/diyanetburslari.tdv.org\/?page_id=2247"},"modified":"2025-11-25T09:19:30","modified_gmt":"2025-11-25T06:19:30","slug":"lisansustu-ilahiyat-akademi-burs-programi","status":"publish","type":"page","link":"https:\/\/diyanetburslari.tdv.org\/en\/lisansustu-ilahiyat-akademi-burs-programi\/","title":{"rendered":"Undergraudate Theology Academy Scholarship Program"},"content":{"rendered":"<p><div class=\"fusion-fullwidth fullwidth-box fusion-builder-row-1 nonhundred-percent-fullwidth non-hundred-percent-height-scrolling\" style=\"background-color: rgba(255,255,255,0);background-position: center center;background-repeat: no-repeat;padding-top:0px;padding-right:0px;padding-bottom:0px;padding-left:0px;margin-bottom: 0px;margin-top: 0px;border-width: 0px 0px 0px 0px;border-color:#eae9e9;border-style:solid;\" ><div class=\"fusion-builder-row fusion-row\"><div class=\"fusion-layout-column fusion_builder_column fusion-builder-column-0 fusion_builder_column_3_4 3_4 fusion-three-fourth fusion-column-first\" style=\"width:74%; margin-right: 4%;margin-top:0px;margin-bottom:0px;\"><div class=\"fusion-column-wrapper fusion-flex-column-wrapper-legacy\" style=\"background-position:left top;background-repeat:no-repeat;-webkit-background-size:cover;-moz-background-size:cover;-o-background-size:cover;background-size:cover;padding: 0px 0px 0px 0px;\"><div class=\"fusion-sep-clear\"><\/div><div class=\"fusion-separator fusion-full-width-sep\" style=\"margin-left: auto;margin-right: auto;margin-top:10px;margin-bottom:10px;width:100%;max-width:100%;\"><\/div><div class=\"fusion-sep-clear\"><\/div><div class=\"fusion-text fusion-text-1\"><p>Bu program, ilahiyat alan\u0131nda ve lisans\u00fcst\u00fc d\u00fczeyindeki \u00f6\u011frencilerin;<\/p>\n<ul>\n<li>bilimsel ara\u015ft\u0131rma y\u00f6ntemlerini kullanarak bilgilere eri\u015fmesini,<\/li>\n<li>bilgiyi derlemesini,<\/li>\n<li>yorumlama\/de\u011ferlendirme yetene\u011fini kazanmas\u0131n\u0131,<\/li>\n<li>ba\u011f\u0131ms\u0131z ara\u015ft\u0131rma yapmas\u0131n\u0131,<\/li>\n<li>bilimsel problemleri \u00e7\u00f6zmesini,<\/li>\n<li>verileri geni\u015f\/derin bir bak\u0131\u015f a\u00e7\u0131s\u0131 ile irdeleyerek yorum yapmas\u0131n\u0131,<\/li>\n<li>analiz etme ve yeni sentezlere ula\u015fmak i\u00e7in gerekli becerileri kazanmas\u0131n\u0131 sa\u011flamak amac\u0131yla olu\u015fturulmu\u015f bir burs destek program\u0131d\u0131r.<\/li>\n<\/ul>\n<\/div><div class=\"fusion-sep-clear\"><\/div><div class=\"fusion-separator fusion-full-width-sep\" style=\"margin-left: auto;margin-right: auto;margin-top:10px;margin-bottom:10px;width:100%;max-width:100%;\"><\/div><div class=\"fusion-sep-clear\"><\/div><div class=\"fusion-clearfix\"><\/div><\/div><\/div><div class=\"fusion-layout-column fusion_builder_column fusion-builder-column-1 fusion_builder_column_1_4 1_4 fusion-one-fourth fusion-column-last fusion-animated\" style=\"width:22%;margin-top:10px;margin-bottom:10px;\" data-animationType=\"fadeInLeft\" data-animationDuration=\"0.3\" data-animationOffset=\"100%\"><div class=\"fusion-column-wrapper fusion-flex-column-wrapper-legacy\" style=\"background-position:left top;background-repeat:no-repeat;-webkit-background-size:cover;-moz-background-size:cover;-o-background-size:cover;background-size:cover;border-radius:10px 10px 10px 10px;background-color:rgba(239,239,239,0);border-radius:10px 10px 10px 10px;overflow:hidden;padding: 10px 10px 10px 10px;\"><div class=\"fusion-sep-clear\"><\/div><div class=\"fusion-separator fusion-full-width-sep\" style=\"margin-left: auto;margin-right: auto;margin-top:10px;margin-bottom:10px;width:100%;max-width:100%;\"><\/div><div class=\"fusion-sep-clear\"><\/div><div class=\"imageframe-align-center\"><span class=\" fusion-imageframe imageframe-none imageframe-1 hover-type-none\"><a class=\"fusion-no-lightbox\" href=\"https:\/\/diyanetburslari.tdv.org\/wp-content\/uploads\/2025\/11\/LISANSUSTU-ILAHIYAT-AKADEMI-PROGRAMI.pdf\" target=\"_blank\" aria-label=\"download brochure\" rel=\"noopener noreferrer\"><img decoding=\"async\" width=\"150\" image_height=\"150\" image_id=\"15488\" src=\"https:\/\/diyanetburslari.tdv.org\/wp-content\/uploads\/2025\/11\/download-brochure-150x150.png\" class=\"img-responsive wp-image-15488\" srcset=\"https:\/\/diyanetburslari.tdv.org\/wp-content\/uploads\/2025\/11\/download-brochure-200x201.png 200w, https:\/\/diyanetburslari.tdv.org\/wp-content\/uploads\/2025\/11\/download-brochure-400x402.png 400w, https:\/\/diyanetburslari.tdv.org\/wp-content\/uploads\/2025\/11\/download-brochure.png 580w\" sizes=\"(max-width: 800px) 100vw, 400px\" \/><\/a><\/span><\/div><div class=\"fusion-sep-clear\"><\/div><div class=\"fusion-separator fusion-full-width-sep\" style=\"margin-left: auto;margin-right: auto;margin-top:10px;margin-bottom:10px;width:100%;max-width:100%;\"><\/div><div class=\"fusion-sep-clear\"><\/div><div class=\"fusion-text fusion-text-2\"><p style=\"text-align: center;\"><a href=\"https:\/\/diyanetburslari.tdv.org\/wp-content\/uploads\/2025\/11\/LISANSUSTU-ILAHIYAT-AKADEMI-PROGRAMI.pdf\" target=\"_blank\" rel=\"noopener\">Download the brochure as a PDF<\/a><\/p>\n<\/div><div class=\"fusion-clearfix\"><\/div><\/div><\/div><\/div><\/div><div class=\"fusion-fullwidth fullwidth-box fusion-builder-row-2 nonhundred-percent-fullwidth non-hundred-percent-height-scrolling\" style=\"background-color: rgba(255,255,255,0);background-position: center center;background-repeat: no-repeat;padding-top:0px;padding-right:0px;padding-bottom:0px;padding-left:0px;margin-bottom: 0px;margin-top: 0px;border-width: 0px 0px 0px 0px;border-color:#eae9e9;border-style:solid;\" ><div class=\"fusion-builder-row fusion-row\"><div class=\"fusion-layout-column fusion_builder_column fusion-builder-column-2 fusion_builder_column_1_2 1_2 fusion-one-half fusion-column-first\" style=\"width:50%;width:calc(50% - ( ( 4% ) * 0.5 ) );margin-right: 4%;margin-top:0px;margin-bottom:0px;\"><div class=\"fusion-column-wrapper fusion-flex-column-wrapper-legacy\" style=\"background-position:left top;background-repeat:no-repeat;-webkit-background-size:cover;-moz-background-size:cover;-o-background-size:cover;background-size:cover;padding: 0px 0px 0px 0px;\"><div class=\"fusion-text fusion-text-3\"><h4 style=\"text-align: center;\">Y\u00dcKSEK L\u0130SANS ADAYLARI \u0130\u00c7\u0130N BA\u015eVURU \u015eARTLARI<\/h4>\n<\/div><span class=\"fusion-popover popover-1\" data-animation=\"1\" data-class=\"popover-1\" data-container=\"popover-1\" data-content=\"Bu programa ba\u015fvuru yapabilmek i\u00e7in s\u0131ralanan t\u00fcm \u015fartlar\u0131 birden sa\u011flaman\u0131z gerekmektedir\" data-delay=\"50\" data-placement=\"top\" data-title=\" L\u0130SANS\u00dcST\u00dc \u0130LAH\u0130YAT AKADEM\u0130 PROGRAMI (Y\u00dcKSEK L\u0130SANS) KABUL \u015eARTLARI\" data-toggle=\"popover\" data-trigger=\"hover\">\n<ul>\n<li>T\u00fcrkiye Cumhuriyeti vatanda\u015f\u0131 olmak\u00a0 (\u00c7ifte vatanda\u015fl\u0131\u011f\u0131 olmamak)<\/li>\n<li>TDV E\u011fitim Koordinat\u00f6rl\u00fcklerinin bulundu\u011fu illerde \u00f6\u011frenim g\u00f6r\u00fcyor olmak\n<ul>\n<li>Ankara, Bursa, \u0130stanbul, Konya, Kayseri<\/li>\n<\/ul>\n<\/li>\n<li>26 ya\u015f\u0131ndan g\u00fcn almam\u0131\u015f olmak<\/li>\n<li>\u0130lahiyat\/\u0130slami \u0130limler alan\u0131nda y\u00fcksek lisans e\u011fitimi i\u00e7in, Temmuz 2026 itibar\u0131yla kabul alm\u0131\u015f veya kay\u0131t yapt\u0131rm\u0131\u015f olmak.<\/li>\n<li>\u00d6\u011frenim hayat\u0131 boyunca disiplin cezas\u0131 almam\u0131\u015f veya h\u00fck\u00fcm giymemi\u015f olmak,<\/li>\n<li>Sosyal G\u00fcvenlik Kurumu (SGK) kapsam\u0131nda herhangi bir i\u015fte \u00e7al\u0131\u015fm\u0131yor olmak.<\/li>\n<\/ul>\n<\/span><div class=\"fusion-sep-clear\"><\/div><div class=\"fusion-separator fusion-full-width-sep\" style=\"margin-left: auto;margin-right: auto;margin-top:10px;margin-bottom:10px;width:100%;max-width:100%;\"><\/div><div class=\"fusion-sep-clear\"><\/div><div class=\"fusion-clearfix\"><\/div><\/div><\/div><div class=\"fusion-layout-column fusion_builder_column fusion-builder-column-3 fusion_builder_column_1_2 1_2 fusion-one-half fusion-column-last\" style=\"width:50%;width:calc(50% - ( ( 4% ) * 0.5 ) );margin-top:0px;margin-bottom:0px;\"><div class=\"fusion-column-wrapper fusion-flex-column-wrapper-legacy\" style=\"background-position:left top;background-repeat:no-repeat;-webkit-background-size:cover;-moz-background-size:cover;-o-background-size:cover;background-size:cover;padding: 0px 0px 0px 0px;\"><div class=\"fusion-text fusion-text-4\"><h4 style=\"text-align: center;\">DOKTORA ADAYLARI \u0130\u00c7\u0130N BA\u015eVURU \u015eARTLARI<\/h4>\n<\/div><span class=\"fusion-popover popover-2\" data-animation=\"1\" data-class=\"popover-2\" data-container=\"popover-2\" data-content=\"Bu programa ba\u015fvuru yapabilmek i\u00e7in s\u0131ralanan t\u00fcm \u015fartlar\u0131 birden sa\u011flaman\u0131z gerekmektedir\" data-delay=\"50\" data-placement=\"top\" data-title=\"L\u0130SANS\u00dcST\u00dc \u0130LAH\u0130YAT AKADEM\u0130 PROGRAMI (DOKTORA) KABUL \u015eARTLARI\" data-toggle=\"popover\" data-trigger=\"hover\">\n<ul>\n<li style=\"list-style-type: none;\">\n<ul>\n<li>T\u00fcrkiye Cumhuriyeti vatanda\u015f\u0131 olmak\u00a0 (\u00c7ifte vatanda\u015fl\u0131\u011f\u0131 olmamak)<\/li>\n<li>TDV E\u011fitim Koordinat\u00f6rl\u00fcklerinin bulundu\u011fu illerde \u00f6\u011frenim g\u00f6r\u00fcyor olmak\n<ul>\n<li>Ankara, Bursa, \u0130stanbul, Konya, Kayseri<\/li>\n<\/ul>\n<\/li>\n<li>30 ya\u015f\u0131ndan g\u00fcn almam\u0131\u015f olmak<\/li>\n<li>\u0130lahiyat\/\u0130slami \u0130limler alan\u0131nda doktora e\u011fitimi i\u00e7in, Temmuz 2026 itibar\u0131yla kabul alm\u0131\u015f veya kay\u0131t yapt\u0131rm\u0131\u015f olmak.<\/li>\n<li>\u00d6\u011frenim hayat\u0131 boyunca disiplin cezas\u0131 almam\u0131\u015f veya h\u00fck\u00fcm giymemi\u015f olmak,<\/li>\n<li>Sosyal G\u00fcvenlik Kurumu (SGK) kapsam\u0131nda herhangi bir i\u015fte \u00e7al\u0131\u015fm\u0131yor olmak.<\/li>\n<\/ul>\n<\/li>\n<\/ul>\n<\/span><div class=\"fusion-sep-clear\"><\/div><div class=\"fusion-separator fusion-full-width-sep\" style=\"margin-left: auto;margin-right: auto;margin-top:10px;margin-bottom:10px;width:100%;max-width:100%;\"><\/div><div class=\"fusion-sep-clear\"><\/div><div class=\"fusion-clearfix\"><\/div><\/div><\/div><div class=\"fusion-layout-column fusion_builder_column fusion-builder-column-4 fusion_builder_column_1_3 1_3 fusion-one-third fusion-column-first\" style=\"width:33.333333333333%;width:calc(33.333333333333% - ( ( 4% ) * 0.33333333333333 ) );margin-right: 4%;margin-top:0px;margin-bottom:0px;\"><div class=\"fusion-column-wrapper fusion-flex-column-wrapper-legacy\" style=\"background-position:left top;background-repeat:no-repeat;-webkit-background-size:cover;-moz-background-size:cover;-o-background-size:cover;background-size:cover;padding: 0px 0px 0px 0px;\"><div class=\"fusion-sep-clear\"><\/div><div class=\"fusion-separator fusion-full-width-sep\" style=\"margin-left: auto;margin-right: auto;margin-top:10px;margin-bottom:10px;width:100%;max-width:100%;\"><\/div><div class=\"fusion-sep-clear\"><\/div><div class=\"fusion-align-block\"><style type=\"text\/css\">.fusion-button.button-1 {border-radius:2px;}<\/style><a class=\"fusion-button button-flat fusion-button-default-size button-default button-1 fusion-button-default-span fusion-button-default-type\" target=\"_blank\" rel=\"noopener noreferrer\" href=\"https:\/\/dbys.tdv.org\"><span class=\"fusion-button-text\">Ba\u015fvuru Yap<\/span><\/a><\/div><div class=\"fusion-sep-clear\"><\/div><div class=\"fusion-separator fusion-full-width-sep\" style=\"margin-left: auto;margin-right: auto;margin-top:10px;margin-bottom:10px;width:100%;max-width:100%;\"><\/div><div class=\"fusion-sep-clear\"><\/div><div class=\"fusion-clearfix\"><\/div><\/div><\/div><\/div><\/div><\/p>\n","protected":false},"excerpt":{"rendered":"","protected":false},"author":2,"featured_media":0,"parent":0,"menu_order":0,"comment_status":"closed","ping_status":"closed","template":"","meta":{"footnotes":""},"class_list":["post-2247","page","type-page","status-publish","hentry"],"yoast_head":"<!-- This site is optimized with the Yoast SEO plugin v27.4 - https:\/\/yoast.com\/product\/yoast-seo-wordpress\/ -->\n<title>Undergraudate Theology Academy Scholarship Program<\/title>\n<meta name=\"robots\" content=\"index, follow, max-snippet:-1, max-image-preview:large, max-video-preview:-1\" \/>\n<link rel=\"canonical\" href=\"https:\/\/diyanetburslari.tdv.org\/en\/lisansustu-ilahiyat-akademi-burs-programi\/\" \/>\n<meta property=\"og:locale\" content=\"en_GB\" \/>\n<meta property=\"og:locale:alternate\" content=\"tr_TR\" \/>\n<meta property=\"og:type\" content=\"article\" \/>\n<meta property=\"og:title\" content=\"Undergraudate Theology Academy Scholarship Program\" \/>\n<meta property=\"og:url\" content=\"https:\/\/diyanetburslari.tdv.org\/en\/lisansustu-ilahiyat-akademi-burs-programi\/\" \/>\n<meta property=\"og:site_name\" content=\"Diyanet Scholarships\" \/>\n<meta property=\"article:modified_time\" content=\"2025-11-25T06:19:30+00:00\" \/>\n<meta name=\"twitter:card\" content=\"summary_large_image\" \/>\n<script type=\"application\/ld+json\" class=\"yoast-schema-graph\">{\"@context\":\"https:\\\/\\\/schema.org\",\"@graph\":[{\"@type\":\"WebPage\",\"@id\":\"https:\\\/\\\/diyanetburslari.tdv.org\\\/en\\\/lisansustu-ilahiyat-akademi-burs-programi\\\/\",\"url\":\"https:\\\/\\\/diyanetburslari.tdv.org\\\/en\\\/lisansustu-ilahiyat-akademi-burs-programi\\\/\",\"name\":\"Undergraudate Theology Academy Scholarship Program\",\"isPartOf\":{\"@id\":\"https:\\\/\\\/diyanetburslari.tdv.org\\\/#website\"},\"datePublished\":\"2020-08-28T12:21:08+00:00\",\"dateModified\":\"2025-11-25T06:19:30+00:00\",\"breadcrumb\":{\"@id\":\"https:\\\/\\\/diyanetburslari.tdv.org\\\/en\\\/lisansustu-ilahiyat-akademi-burs-programi\\\/#breadcrumb\"},\"inLanguage\":\"en-GB\",\"potentialAction\":[{\"@type\":\"ReadAction\",\"target\":[\"https:\\\/\\\/diyanetburslari.tdv.org\\\/en\\\/lisansustu-ilahiyat-akademi-burs-programi\\\/\"]}]},{\"@type\":\"BreadcrumbList\",\"@id\":\"https:\\\/\\\/diyanetburslari.tdv.org\\\/en\\\/lisansustu-ilahiyat-akademi-burs-programi\\\/#breadcrumb\",\"itemListElement\":[{\"@type\":\"ListItem\",\"position\":1,\"name\":\"Anasayfa\",\"item\":\"https:\\\/\\\/diyanetburslari.tdv.org\\\/en\\\/\"},{\"@type\":\"ListItem\",\"position\":2,\"name\":\"Undergraudate Theology Academy Scholarship Program\"}]},{\"@type\":\"WebSite\",\"@id\":\"https:\\\/\\\/diyanetburslari.tdv.org\\\/#website\",\"url\":\"https:\\\/\\\/diyanetburslari.tdv.org\\\/\",\"name\":\"Diyanet Burslar\u0131\",\"description\":\"T\u00fcrkiye Diyanet Foudation\",\"publisher\":{\"@id\":\"https:\\\/\\\/diyanetburslari.tdv.org\\\/#organization\"},\"potentialAction\":[{\"@type\":\"SearchAction\",\"target\":{\"@type\":\"EntryPoint\",\"urlTemplate\":\"https:\\\/\\\/diyanetburslari.tdv.org\\\/?s={search_term_string}\"},\"query-input\":{\"@type\":\"PropertyValueSpecification\",\"valueRequired\":true,\"valueName\":\"search_term_string\"}}],\"inLanguage\":\"en-GB\"},{\"@type\":\"Organization\",\"@id\":\"https:\\\/\\\/diyanetburslari.tdv.org\\\/#organization\",\"name\":\"Diyanet Burslar\u0131\",\"url\":\"https:\\\/\\\/diyanetburslari.tdv.org\\\/\",\"logo\":{\"@type\":\"ImageObject\",\"inLanguage\":\"en-GB\",\"@id\":\"https:\\\/\\\/diyanetburslari.tdv.org\\\/#\\\/schema\\\/logo\\\/image\\\/\",\"url\":\"https:\\\/\\\/diyanetburslari.tdv.org\\\/wp-content\\\/uploads\\\/2025\\\/08\\\/Diyanet-Burslari-Logo-V3-yabanci-diller-tek-Kopya-scaled.png\",\"contentUrl\":\"https:\\\/\\\/diyanetburslari.tdv.org\\\/wp-content\\\/uploads\\\/2025\\\/08\\\/Diyanet-Burslari-Logo-V3-yabanci-diller-tek-Kopya-scaled.png\",\"width\":2465,\"height\":2560,\"caption\":\"Diyanet Burslar\u0131\"},\"image\":{\"@id\":\"https:\\\/\\\/diyanetburslari.tdv.org\\\/#\\\/schema\\\/logo\\\/image\\\/\"}}]}<\/script>\n<!-- \/ Yoast SEO plugin. -->","yoast_head_json":{"title":"Undergraudate Theology Academy Scholarship Program","robots":{"index":"index","follow":"follow","max-snippet":"max-snippet:-1","max-image-preview":"max-image-preview:large","max-video-preview":"max-video-preview:-1"},"canonical":"https:\/\/diyanetburslari.tdv.org\/en\/lisansustu-ilahiyat-akademi-burs-programi\/","og_locale":"en_GB","og_type":"article","og_title":"[:tr]L\u0130SANS\u00dcST\u00dc \u0130LAH\u0130YAT AKADEM\u0130 PROGRAMI[:en]Undergraudate Theology Academy Scholarship Program[:]- Diyanet Scholarships","og_url":"https:\/\/diyanetburslari.tdv.org\/en\/lisansustu-ilahiyat-akademi-burs-programi\/","og_site_name":"Diyanet Scholarships","article_modified_time":"2025-11-25T06:19:30+00:00","twitter_card":"summary_large_image","schema":{"@context":"https:\/\/schema.org","@graph":[{"@type":"WebPage","@id":"https:\/\/diyanetburslari.tdv.org\/en\/lisansustu-ilahiyat-akademi-burs-programi\/","url":"https:\/\/diyanetburslari.tdv.org\/en\/lisansustu-ilahiyat-akademi-burs-programi\/","name":"Undergraudate Theology Academy Scholarship Program","isPartOf":{"@id":"https:\/\/diyanetburslari.tdv.org\/#website"},"datePublished":"2020-08-28T12:21:08+00:00","dateModified":"2025-11-25T06:19:30+00:00","breadcrumb":{"@id":"https:\/\/diyanetburslari.tdv.org\/en\/lisansustu-ilahiyat-akademi-burs-programi\/#breadcrumb"},"inLanguage":"en-GB","potentialAction":[{"@type":"ReadAction","target":["https:\/\/diyanetburslari.tdv.org\/en\/lisansustu-ilahiyat-akademi-burs-programi\/"]}]},{"@type":"BreadcrumbList","@id":"https:\/\/diyanetburslari.tdv.org\/en\/lisansustu-ilahiyat-akademi-burs-programi\/#breadcrumb","itemListElement":[{"@type":"ListItem","position":1,"name":"Anasayfa","item":"https:\/\/diyanetburslari.tdv.org\/en\/"},{"@type":"ListItem","position":2,"name":"Undergraudate Theology Academy Scholarship Program"}]},{"@type":"WebSite","@id":"https:\/\/diyanetburslari.tdv.org\/#website","url":"https:\/\/diyanetburslari.tdv.org\/","name":"Diyanet Burslar\u0131","description":"T\u00fcrkiye Diyanet Foudation","publisher":{"@id":"https:\/\/diyanetburslari.tdv.org\/#organization"},"potentialAction":[{"@type":"SearchAction","target":{"@type":"EntryPoint","urlTemplate":"https:\/\/diyanetburslari.tdv.org\/?s={search_term_string}"},"query-input":{"@type":"PropertyValueSpecification","valueRequired":true,"valueName":"search_term_string"}}],"inLanguage":"en-GB"},{"@type":"Organization","@id":"https:\/\/diyanetburslari.tdv.org\/#organization","name":"Diyanet Burslar\u0131","url":"https:\/\/diyanetburslari.tdv.org\/","logo":{"@type":"ImageObject","inLanguage":"en-GB","@id":"https:\/\/diyanetburslari.tdv.org\/#\/schema\/logo\/image\/","url":"https:\/\/diyanetburslari.tdv.org\/wp-content\/uploads\/2025\/08\/Diyanet-Burslari-Logo-V3-yabanci-diller-tek-Kopya-scaled.png","contentUrl":"https:\/\/diyanetburslari.tdv.org\/wp-content\/uploads\/2025\/08\/Diyanet-Burslari-Logo-V3-yabanci-diller-tek-Kopya-scaled.png","width":2465,"height":2560,"caption":"Diyanet Burslar\u0131"},"image":{"@id":"https:\/\/diyanetburslari.tdv.org\/#\/schema\/logo\/image\/"}}]}},"_links":{"self":[{"href":"https:\/\/diyanetburslari.tdv.org\/en\/wp-json\/wp\/v2\/pages\/2247","targetHints":{"allow":["GET"]}}],"collection":[{"href":"https:\/\/diyanetburslari.tdv.org\/en\/wp-json\/wp\/v2\/pages"}],"about":[{"href":"https:\/\/diyanetburslari.tdv.org\/en\/wp-json\/wp\/v2\/types\/page"}],"author":[{"embeddable":true,"href":"https:\/\/diyanetburslari.tdv.org\/en\/wp-json\/wp\/v2\/users\/2"}],"replies":[{"embeddable":true,"href":"https:\/\/diyanetburslari.tdv.org\/en\/wp-json\/wp\/v2\/comments?post=2247"}],"version-history":[{"count":62,"href":"https:\/\/diyanetburslari.tdv.org\/en\/wp-json\/wp\/v2\/pages\/2247\/revisions"}],"predecessor-version":[{"id":15505,"href":"https:\/\/diyanetburslari.tdv.org\/en\/wp-json\/wp\/v2\/pages\/2247\/revisions\/15505"}],"wp:attachment":[{"href":"https:\/\/diyanetburslari.tdv.org\/en\/wp-json\/wp\/v2\/media?parent=2247"}],"curies":[{"name":"wp","href":"https:\/\/api.w.org\/{rel}","templated":true}]}}